{"id":94,"date":"2022-11-07T18:55:27","date_gmt":"2022-11-07T17:55:27","guid":{"rendered":"http:\/\/wordpress.ktl-lu.de\/?page_id=94"},"modified":"2026-04-14T13:09:34","modified_gmt":"2026-04-14T11:09:34","slug":"karriere","status":"publish","type":"page","link":"https:\/\/ktl-lu.de\/en\/karriere\/","title":{"rendered":"Career"},"content":{"rendered":"<div data-elementor-type=\"wp-page\" data-elementor-id=\"94\" class=\"elementor elementor-94\" data-elementor-post-type=\"page\">\n\t\t\t\t\t\t<section class=\"elementor-section elementor-top-section elementor-element elementor-element-05aac65 elementor-section-boxed elementor-section-height-default elementor-section-height-default\" data-id=\"05aac65\" data-element_type=\"section\">\n\t\t\t\t\t\t<div class=\"elementor-container elementor-column-gap-default\">\n\t\t\t\t\t<div class=\"elementor-column elementor-col-100 elementor-top-column elementor-element elementor-element-fd61596\" data-id=\"fd61596\" data-element_type=\"column\">\n\t\t\t<div class=\"elementor-widget-wrap elementor-element-populated\">\n\t\t\t\t\t\t<div class=\"elementor-element elementor-element-e1f4fe5 elementor-widget elementor-widget-heading\" data-id=\"e1f4fe5\" data-element_type=\"widget\" data-widget_type=\"heading.default\">\n\t\t\t\t<div class=\"elementor-widget-container\">\n\t\t\t\t\t<h1 class=\"elementor-heading-title elementor-size-default\">Karriere bei KTL: Wir suchen Dich!<\/h1>\t\t\t\t<\/div>\n\t\t\t\t<\/div>\n\t\t\t\t\t<\/div>\n\t\t<\/div>\n\t\t\t\t\t<\/div>\n\t\t<\/section>\n\t\t\t\t<section class=\"elementor-section elementor-top-section elementor-element elementor-element-4cc229d elementor-section-boxed elementor-section-height-default elementor-section-height-default\" data-id=\"4cc229d\" data-element_type=\"section\">\n\t\t\t\t\t\t<div class=\"elementor-container elementor-column-gap-default\">\n\t\t\t\t\t<div class=\"elementor-column elementor-col-100 elementor-top-column elementor-element elementor-element-90fa88c\" data-id=\"90fa88c\" data-element_type=\"column\" data-aos=\"fade-up\">\n\t\t\t<div class=\"elementor-widget-wrap elementor-element-populated\">\n\t\t\t\t\t\t<div class=\"elementor-element elementor-element-11d772a elementor-widget elementor-widget-text-editor\" data-id=\"11d772a\" data-element_type=\"widget\" data-widget_type=\"text-editor.default\">\n\t\t\t\t<div class=\"elementor-widget-container\">\n\t\t\t\t\t\t\t\t\t<p style=\"text-align: center;\">Bei KTL arbeitest du auf einer Fl\u00e4che von \u00fcber 300.000 m\u00b2 in einem der f\u00fchrenden\u00a0 Umschlagterminals Stra\u00dfe\/Schiene Europas.\u00a0 Mit rund 160 Mitarbeitern\u00a0 bewegen wir t\u00e4glich unz\u00e4hlige G\u00fcter aus Leidenschaft. Teile diese Leidenschaft und komm in unser Team!<\/p>\t\t\t\t\t\t\t\t<\/div>\n\t\t\t\t<\/div>\n\t\t\t\t<div class=\"elementor-element elementor-element-fdfb1be elementor-widget elementor-widget-spacer\" data-id=\"fdfb1be\" data-element_type=\"widget\" data-widget_type=\"spacer.default\">\n\t\t\t\t<div class=\"elementor-widget-container\">\n\t\t\t\t\t\t\t<div class=\"elementor-spacer\">\n\t\t\t<div class=\"elementor-spacer-inner\"><\/div>\n\t\t<\/div>\n\t\t\t\t\t\t<\/div>\n\t\t\t\t<\/div>\n\t\t\t\t\t<\/div>\n\t\t<\/div>\n\t\t\t\t\t<\/div>\n\t\t<\/section>\n\t\t\t\t<section class=\"elementor-section elementor-top-section elementor-element elementor-element-168e49b elementor-section-full_width elementor-section-height-default elementor-section-height-default\" data-id=\"168e49b\" data-element_type=\"section\" data-settings=\"{&quot;background_background&quot;:&quot;classic&quot;}\">\n\t\t\t\t\t\t<div class=\"elementor-container elementor-column-gap-default\">\n\t\t\t\t\t<div class=\"elementor-column elementor-col-50 elementor-top-column elementor-element elementor-element-2cb5877\" data-id=\"2cb5877\" data-element_type=\"column\">\n\t\t\t<div class=\"elementor-widget-wrap elementor-element-populated\">\n\t\t\t\t\t\t<div class=\"elementor-element elementor-element-6007f43 elementor-widget__width-inherit elementor-widget elementor-widget-image\" data-id=\"6007f43\" data-element_type=\"widget\" data-widget_type=\"image.default\">\n\t\t\t\t<div class=\"elementor-widget-container\">\n\t\t\t\t\t\t\t\t\t\t\t\t\t\t\t<img fetchpriority=\"high\" decoding=\"async\" width=\"1536\" height=\"1084\" src=\"https:\/\/ktl-lu.de\/wp-content\/uploads\/2022\/12\/KTL_Karriere1b-1536x1084.jpg\" class=\"attachment-1536x1536 size-1536x1536 wp-image-730\" alt=\"KTL Top Jobs\" srcset=\"https:\/\/ktl-lu.de\/wp-content\/uploads\/2022\/12\/KTL_Karriere1b-1536x1084.jpg 1536w, https:\/\/ktl-lu.de\/wp-content\/uploads\/2022\/12\/KTL_Karriere1b-300x212.jpg 300w, https:\/\/ktl-lu.de\/wp-content\/uploads\/2022\/12\/KTL_Karriere1b-1024x722.jpg 1024w, https:\/\/ktl-lu.de\/wp-content\/uploads\/2022\/12\/KTL_Karriere1b-768x542.jpg 768w, https:\/\/ktl-lu.de\/wp-content\/uploads\/2022\/12\/KTL_Karriere1b-2048x1445.jpg 2048w, https:\/\/ktl-lu.de\/wp-content\/uploads\/2022\/12\/KTL_Karriere1b-18x12.jpg 18w\" sizes=\"(max-width: 1536px) 100vw, 1536px\" \/>\t\t\t\t\t\t\t\t\t\t\t\t\t\t\t<\/div>\n\t\t\t\t<\/div>\n\t\t\t\t\t<\/div>\n\t\t<\/div>\n\t\t\t\t<div class=\"elementor-column elementor-col-50 elementor-top-column elementor-element elementor-element-9cc0e24\" data-id=\"9cc0e24\" data-element_type=\"column\" data-settings=\"{&quot;background_background&quot;:&quot;classic&quot;}\" data-aos=\"fade-up-left\">\n\t\t\t<div class=\"elementor-widget-wrap elementor-element-populated\">\n\t\t\t\t\t\t<section class=\"elementor-section elementor-inner-section elementor-element elementor-element-05c4468 elementor-section-boxed elementor-section-height-default elementor-section-height-default\" data-id=\"05c4468\" data-element_type=\"section\">\n\t\t\t\t\t\t<div class=\"elementor-container elementor-column-gap-default\">\n\t\t\t\t\t<div class=\"elementor-column elementor-col-100 elementor-inner-column elementor-element elementor-element-6d51aac\" data-id=\"6d51aac\" data-element_type=\"column\">\n\t\t\t<div class=\"elementor-widget-wrap elementor-element-populated\">\n\t\t\t\t\t\t<div class=\"elementor-element elementor-element-59ffaa2 elementor-widget elementor-widget-heading\" data-id=\"59ffaa2\" data-element_type=\"widget\" data-widget_type=\"heading.default\">\n\t\t\t\t<div class=\"elementor-widget-container\">\n\t\t\t\t\t<h3 class=\"elementor-heading-title elementor-size-default\">AKTUELLE STELLENANGEBOTE (M\/W\/D)<\/h3>\t\t\t\t<\/div>\n\t\t\t\t<\/div>\n\t\t\t\t\t<\/div>\n\t\t<\/div>\n\t\t\t\t\t<\/div>\n\t\t<\/section>\n\t\t\t\t<div class=\"elementor-element elementor-element-c245aab elementor-widget-divider--view-line elementor-widget elementor-widget-divider\" data-id=\"c245aab\" data-element_type=\"widget\" data-widget_type=\"divider.default\">\n\t\t\t\t<div class=\"elementor-widget-container\">\n\t\t\t\t\t\t\t<div class=\"elementor-divider\">\n\t\t\t<span class=\"elementor-divider-separator\">\n\t\t\t\t\t\t<\/span>\n\t\t<\/div>\n\t\t\t\t\t\t<\/div>\n\t\t\t\t<\/div>\n\t\t\t\t<div class=\"elementor-element elementor-element-413a579 open-bereitstellung elementor-widget elementor-widget-text-editor\" data-id=\"413a579\" data-element_type=\"widget\" data-widget_type=\"text-editor.default\">\n\t\t\t\t<div class=\"elementor-widget-container\">\n\t\t\t\t\t\t\t\t\t<p><a href=\"https:\/\/ktl-lu.de\/wp-content\/uploads\/2026\/04\/2026-04-14-Sachbearbeiter-Abteilung-Agenturservices.pdf\">Sachbearbeiter Agenturservices (m\/w\/d)<\/a><\/p>\t\t\t\t\t\t\t\t<\/div>\n\t\t\t\t<\/div>\n\t\t\t\t<div class=\"elementor-element elementor-element-cbea07c elementor-widget elementor-widget-spacer\" data-id=\"cbea07c\" data-element_type=\"widget\" data-widget_type=\"spacer.default\">\n\t\t\t\t<div class=\"elementor-widget-container\">\n\t\t\t\t\t\t\t<div class=\"elementor-spacer\">\n\t\t\t<div class=\"elementor-spacer-inner\"><\/div>\n\t\t<\/div>\n\t\t\t\t\t\t<\/div>\n\t\t\t\t<\/div>\n\t\t\t\t<div class=\"elementor-element elementor-element-b9da017 elementor-widget__width-initial elementor-widget elementor-widget-heading\" data-id=\"b9da017\" data-element_type=\"widget\" data-widget_type=\"heading.default\">\n\t\t\t\t<div class=\"elementor-widget-container\">\n\t\t\t\t\t<h3 class=\"elementor-heading-title elementor-size-default\">AKTUELLE AUSBILDUNGSANGEBOTE (M\/W\/D)<\/h3>\t\t\t\t<\/div>\n\t\t\t\t<\/div>\n\t\t\t\t<div class=\"elementor-element elementor-element-889c382 elementor-widget-divider--view-line elementor-widget elementor-widget-divider\" data-id=\"889c382\" data-element_type=\"widget\" data-widget_type=\"divider.default\">\n\t\t\t\t<div class=\"elementor-widget-container\">\n\t\t\t\t\t\t\t<div class=\"elementor-divider\">\n\t\t\t<span class=\"elementor-divider-separator\">\n\t\t\t\t\t\t<\/span>\n\t\t<\/div>\n\t\t\t\t\t\t<\/div>\n\t\t\t\t<\/div>\n\t\t\t\t<div class=\"elementor-element elementor-element-ea6cf38 open-bereitstellung elementor-widget elementor-widget-text-editor\" data-id=\"ea6cf38\" data-element_type=\"widget\" data-widget_type=\"text-editor.default\">\n\t\t\t\t<div class=\"elementor-widget-container\">\n\t\t\t\t\t\t\t\t\t<p>Aktuell sind keine Stellen verf\u00fcgbar<\/p>\t\t\t\t\t\t\t\t<\/div>\n\t\t\t\t<\/div>\n\t\t\t\t\t<\/div>\n\t\t<\/div>\n\t\t\t\t\t<\/div>\n\t\t<\/section>\n\t\t\t\t<section class=\"elementor-section elementor-top-section elementor-element elementor-element-81c26d1 elementor-section-boxed elementor-section-height-default elementor-section-height-default\" data-id=\"81c26d1\" data-element_type=\"section\">\n\t\t\t\t\t\t<div class=\"elementor-container elementor-column-gap-default\">\n\t\t\t\t\t<div class=\"elementor-column elementor-col-100 elementor-top-column elementor-element elementor-element-7eed0f5\" data-id=\"7eed0f5\" data-element_type=\"column\">\n\t\t\t<div class=\"elementor-widget-wrap elementor-element-populated\">\n\t\t\t\t\t\t<div class=\"elementor-element elementor-element-64c6abf elementor-mobile-align-center elementor-widget elementor-widget-button\" data-id=\"64c6abf\" data-element_type=\"widget\" data-widget_type=\"button.default\">\n\t\t\t\t<div class=\"elementor-widget-container\">\n\t\t\t\t\t\t\t\t\t<div class=\"elementor-button-wrapper\">\n\t\t\t\t\t<a class=\"elementor-button elementor-button-link elementor-size-sm\" href=\"mailto:bewerbungen@ktl-lu.de\">\n\t\t\t\t\t\t<span class=\"elementor-button-content-wrapper\">\n\t\t\t\t\t\t\t\t\t<span class=\"elementor-button-text\">Bewerbung per Email an bewerbungen@ktl-lu.de <\/span>\n\t\t\t\t\t<\/span>\n\t\t\t\t\t<\/a>\n\t\t\t\t<\/div>\n\t\t\t\t\t\t\t\t<\/div>\n\t\t\t\t<\/div>\n\t\t\t\t\t<\/div>\n\t\t<\/div>\n\t\t\t\t\t<\/div>\n\t\t<\/section>\n\t\t\t\t<section class=\"elementor-section elementor-top-section elementor-element elementor-element-dead578 elementor-section-boxed elementor-section-height-default elementor-section-height-default\" data-id=\"dead578\" data-element_type=\"section\">\n\t\t\t\t\t\t<div class=\"elementor-container elementor-column-gap-default\">\n\t\t\t\t\t<div class=\"elementor-column elementor-col-100 elementor-top-column elementor-element elementor-element-8d49973\" data-id=\"8d49973\" data-element_type=\"column\" data-aos=\"fade-up\">\n\t\t\t<div class=\"elementor-widget-wrap elementor-element-populated\">\n\t\t\t\t\t\t<div class=\"elementor-element elementor-element-975dd9e elementor-widget elementor-widget-text-editor\" data-id=\"975dd9e\" data-element_type=\"widget\" data-widget_type=\"text-editor.default\">\n\t\t\t\t<div class=\"elementor-widget-container\">\n\t\t\t\t\t\t\t\t\t<p><strong>WERDE EIN TEIL VON UNS &#8211; ES LOHNT SICH:<\/strong><\/p><ul><li>flexible Arbeitszeiten im Gleitzeitsystem<\/li><li>gute Work-Life-Balance auch im Bereich der Schichtarbeit<\/li><li>engagierte und aufgeschlossene Teams<\/li><li>einmaliges und spannendes Arbeitsumfeld<\/li><li>leistungsorientierte Verg\u00fctung<\/li><li>betriebliche Treuegratifikation<\/li><li>Zulagen zur betrieblichen Altersvorsorge<\/li><li>Fahrtkostenzuschuss<\/li><li>Pr\u00e4mienzahlungen<\/li><li>pr\u00e4miertes Verbesserungsvorschlagsmanagement<\/li><li>Einkaufskarte<\/li><li>Gesundheitsmanagement<\/li><li>individuelle F\u00f6rderung durch Weiterbildungsma\u00dfnahmen<\/li><li>Mitarbeitergespr\u00e4che<\/li><li>Corporate-Benefits-Mitarbeiterrabatte<\/li><li>Kostenloser Mitarbeiterparkplatz<\/li><\/ul>\t\t\t\t\t\t\t\t<\/div>\n\t\t\t\t<\/div>\n\t\t\t\t\t<\/div>\n\t\t<\/div>\n\t\t\t\t\t<\/div>\n\t\t<\/section>\n\t\t\t\t<\/div>","protected":false},"excerpt":{"rendered":"<p>Karriere bei KTL: Wir suchen Dich! Bei KTL arbeitest du auf einer Fl\u00e4che von \u00fcber 300.000 m\u00b2 in einem der f\u00fchrenden\u00a0 Umschlagterminals Stra\u00dfe\/Schiene Europas.\u00a0 Mit rund 160 Mitarbeitern\u00a0 bewegen wir t\u00e4glich unz\u00e4hlige G\u00fcter aus Leidenschaft. Teile diese Leidenschaft und komm in unser Team! AKTUELLE STELLENANGEBOTE (M\/W\/D) Sachbearbeiter Agenturservices (m\/w\/d) AKTUELLE AUSBILDUNGSANGEBOTE (M\/W\/D) Aktuell sind keine [&hellip;]<\/p>","protected":false},"author":1,"featured_media":0,"parent":0,"menu_order":0,"comment_status":"closed","ping_status":"closed","template":"","meta":{"footnotes":""},"class_list":["post-94","page","type-page","status-publish","hentry"],"_links":{"self":[{"href":"https:\/\/ktl-lu.de\/en\/wp-json\/wp\/v2\/pages\/94","targetHints":{"allow":["GET"]}}],"collection":[{"href":"https:\/\/ktl-lu.de\/en\/wp-json\/wp\/v2\/pages"}],"about":[{"href":"https:\/\/ktl-lu.de\/en\/wp-json\/wp\/v2\/types\/page"}],"author":[{"embeddable":true,"href":"https:\/\/ktl-lu.de\/en\/wp-json\/wp\/v2\/users\/1"}],"replies":[{"embeddable":true,"href":"https:\/\/ktl-lu.de\/en\/wp-json\/wp\/v2\/comments?post=94"}],"version-history":[{"count":3,"href":"https:\/\/ktl-lu.de\/en\/wp-json\/wp\/v2\/pages\/94\/revisions"}],"predecessor-version":[{"id":5091,"href":"https:\/\/ktl-lu.de\/en\/wp-json\/wp\/v2\/pages\/94\/revisions\/5091"}],"wp:attachment":[{"href":"https:\/\/ktl-lu.de\/en\/wp-json\/wp\/v2\/media?parent=94"}],"curies":[{"name":"wp","href":"https:\/\/api.w.org\/{rel}","templated":true}]}}