{"id":2444,"date":"2023-03-03T13:53:50","date_gmt":"2023-03-03T12:53:50","guid":{"rendered":"http:\/\/wordpress.ktl-lu.de\/?page_id=2444"},"modified":"2023-04-05T13:11:27","modified_gmt":"2023-04-05T11:11:27","slug":"plan-ktl-for-visitors","status":"publish","type":"page","link":"https:\/\/ktl-lu.de\/en\/information\/plan-ktl-for-visitors\/","title":{"rendered":"Plan KTL mit Bezeichnungen f\u00fcr Besucher"},"content":{"rendered":"<div data-elementor-type=\"wp-page\" data-elementor-id=\"2444\" class=\"elementor elementor-2444\" data-elementor-post-type=\"page\">\n\t\t\t\t\t\t<section class=\"elementor-section elementor-top-section elementor-element elementor-element-9feb64c elementor-section-boxed elementor-section-height-default elementor-section-height-default\" data-id=\"9feb64c\" data-element_type=\"section\" data-no-translation=\"\">\n\t\t\t\t\t\t<div class=\"elementor-container elementor-column-gap-default\">\n\t\t\t\t\t<div class=\"elementor-column elementor-col-100 elementor-top-column elementor-element elementor-element-aafb0c2\" data-id=\"aafb0c2\" data-element_type=\"column\">\n\t\t\t<div class=\"elementor-widget-wrap elementor-element-populated\">\n\t\t\t\t\t\t<div class=\"elementor-element elementor-element-b2170dd elementor-widget elementor-widget-heading\" data-id=\"b2170dd\" data-element_type=\"widget\" data-widget_type=\"heading.default\">\n\t\t\t\t<div class=\"elementor-widget-container\">\n\t\t\t\t\t<h1 class=\"elementor-heading-title elementor-size-default\">Plan KTL with description for visitors<\/h1>\t\t\t\t<\/div>\n\t\t\t\t<\/div>\n\t\t\t\t\t<\/div>\n\t\t<\/div>\n\t\t\t\t\t<\/div>\n\t\t<\/section>\n\t\t<div class=\"elementor-element elementor-element-a95ec40 e-flex e-con-boxed e-con e-parent\" data-id=\"a95ec40\" data-element_type=\"container\" data-no-translation=\"\">\n\t\t\t\t\t<div class=\"e-con-inner\">\n\t\t<div class=\"elementor-element elementor-element-027d75a e-con-full e-flex e-con e-parent\" data-id=\"027d75a\" data-element_type=\"container\">\n\t\t\t\t<div class=\"elementor-element elementor-element-5b14de8 elementor-widget elementor-widget-text-editor\" data-id=\"5b14de8\" data-element_type=\"widget\" data-widget_type=\"text-editor.default\">\n\t\t\t\t<div class=\"elementor-widget-container\">\n\t\t\t\t\t\t\t\t\t<p>You can reach us via the <strong>A6, exit Ludwigshafen Nord<\/strong>, follow the signs to <strong>BASF Tor 15<\/strong> and the street <strong>Am Hansenbusch<\/strong>.<\/p><p>\u00a0<\/p><p>At the pedestrian traffic light, continue straight ahead and follow the right-hand bend. At the end of the right-hand bend (after the traffic light, take the second exit on the left) take the left-hand lane, which will take you directly to our company premises (1).<\/p>\t\t\t\t\t\t\t\t<\/div>\n\t\t\t\t<\/div>\n\t\t\t\t<\/div>\n\t\t<div class=\"elementor-element elementor-element-3674018 e-con-full e-flex e-con e-parent\" data-id=\"3674018\" data-element_type=\"container\">\n\t\t\t\t<div class=\"elementor-element elementor-element-1d9f8e5 elementor-widget elementor-widget-text-editor\" data-id=\"1d9f8e5\" data-element_type=\"widget\" data-widget_type=\"text-editor.default\">\n\t\t\t\t<div class=\"elementor-widget-container\">\n\t\t\t\t\t\t\t\t\t<p>Drive past the truck parking lot to the visitor parking lot for cars (2), which is on the right hand-side in front of the Entry\/Exit Gate Y014 (blue container with barriers) (3).<\/p><p>\u00a0<\/p><p>Please register in Gate Y014 (blue container) (3). You can reach the administration building Y011 (4) via the pedestrian walkway.<\/p>\t\t\t\t\t\t\t\t<\/div>\n\t\t\t\t<\/div>\n\t\t\t\t<\/div>\n\t\t\t\t\t<\/div>\n\t\t\t\t<\/div>\n\t\t<div class=\"elementor-element elementor-element-f21d9dd e-con-full e-flex e-con e-parent\" data-id=\"f21d9dd\" data-element_type=\"container\" data-no-translation=\"\">\n\t\t\t\t<div class=\"elementor-element elementor-element-79ee8c9 elementor-widget elementor-widget-spacer\" data-id=\"79ee8c9\" data-element_type=\"widget\" data-widget_type=\"spacer.default\">\n\t\t\t\t<div class=\"elementor-widget-container\">\n\t\t\t\t\t\t\t<div class=\"elementor-spacer\">\n\t\t\t<div class=\"elementor-spacer-inner\"><\/div>\n\t\t<\/div>\n\t\t\t\t\t\t<\/div>\n\t\t\t\t<\/div>\n\t\t\t\t<div class=\"elementor-element elementor-element-71b08da elementor-widget__width-inherit elementor-widget elementor-widget-image\" data-id=\"71b08da\" data-element_type=\"widget\" data-widget_type=\"image.default\">\n\t\t\t\t<div class=\"elementor-widget-container\">\n\t\t\t\t\t\t\t\t\t\t\t\t\t\t\t<img fetchpriority=\"high\" decoding=\"async\" width=\"1920\" height=\"747\" src=\"https:\/\/ktl-lu.de\/wp-content\/uploads\/2023\/03\/Plan-KTL-w_descript_f_visit.jpg\" class=\"attachment-2048x2048 size-2048x2048 wp-image-2668\" alt=\"KTL Plan visitors\" srcset=\"https:\/\/ktl-lu.de\/wp-content\/uploads\/2023\/03\/Plan-KTL-w_descript_f_visit.jpg 1920w, https:\/\/ktl-lu.de\/wp-content\/uploads\/2023\/03\/Plan-KTL-w_descript_f_visit-300x117.jpg 300w, https:\/\/ktl-lu.de\/wp-content\/uploads\/2023\/03\/Plan-KTL-w_descript_f_visit-1024x398.jpg 1024w, https:\/\/ktl-lu.de\/wp-content\/uploads\/2023\/03\/Plan-KTL-w_descript_f_visit-768x299.jpg 768w, https:\/\/ktl-lu.de\/wp-content\/uploads\/2023\/03\/Plan-KTL-w_descript_f_visit-1536x598.jpg 1536w, https:\/\/ktl-lu.de\/wp-content\/uploads\/2023\/03\/Plan-KTL-w_descript_f_visit-18x7.jpg 18w\" sizes=\"(max-width: 1920px) 100vw, 1920px\" \/>\t\t\t\t\t\t\t\t\t\t\t\t\t\t\t<\/div>\n\t\t\t\t<\/div>\n\t\t\t\t<div class=\"elementor-element elementor-element-cb50ed8 elementor-widget elementor-widget-spacer\" data-id=\"cb50ed8\" data-element_type=\"widget\" data-widget_type=\"spacer.default\">\n\t\t\t\t<div class=\"elementor-widget-container\">\n\t\t\t\t\t\t\t<div class=\"elementor-spacer\">\n\t\t\t<div class=\"elementor-spacer-inner\"><\/div>\n\t\t<\/div>\n\t\t\t\t\t\t<\/div>\n\t\t\t\t<\/div>\n\t\t\t\t<\/div>\n\t\t<div class=\"elementor-element elementor-element-d93e0e5 e-flex e-con-boxed e-con e-parent\" data-id=\"d93e0e5\" data-element_type=\"container\" data-no-translation=\"\">\n\t\t\t\t\t<div class=\"e-con-inner\">\n\t\t\t\t<div class=\"elementor-element elementor-element-d299f78 elementor-widget elementor-widget-heading\" data-id=\"d299f78\" data-element_type=\"widget\" data-widget_type=\"heading.default\">\n\t\t\t\t<div class=\"elementor-widget-container\">\n\t\t\t\t\t<h3 class=\"elementor-heading-title elementor-size-default\">Plan KTL with description for visitors<\/h3>\t\t\t\t<\/div>\n\t\t\t\t<\/div>\n\t\t\t\t<div class=\"elementor-element elementor-element-821d65c elementor-icon-list--layout-traditional elementor-list-item-link-full_width elementor-widget elementor-widget-icon-list\" data-id=\"821d65c\" data-element_type=\"widget\" data-widget_type=\"icon-list.default\">\n\t\t\t\t<div class=\"elementor-widget-container\">\n\t\t\t\t\t\t\t<ul class=\"elementor-icon-list-items\">\n\t\t\t\t\t\t\t<li class=\"elementor-icon-list-item\">\n\t\t\t\t\t\t\t\t\t\t\t<a href=\"https:\/\/ktl-lu.de\/wp-content\/uploads\/2023\/04\/KTL-Approach_visitors.pdf\" target=\"_blank\">\n\n\t\t\t\t\t\t\t\t\t\t\t\t<span class=\"elementor-icon-list-icon\">\n\t\t\t\t\t\t\t<i aria-hidden=\"true\" class=\"fas fa-file-pdf\"><\/i>\t\t\t\t\t\t<\/span>\n\t\t\t\t\t\t\t\t\t\t<span class=\"elementor-icon-list-text\">Approach Visitors<\/span>\n\t\t\t\t\t\t\t\t\t\t\t<\/a>\n\t\t\t\t\t\t\t\t\t<\/li>\n\t\t\t\t\t\t<\/ul>\n\t\t\t\t\t\t<\/div>\n\t\t\t\t<\/div>\n\t\t\t\t\t<\/div>\n\t\t\t\t<\/div>\n\t\t\t\t<\/div>","protected":false},"excerpt":{"rendered":"<p>Plan KTL mit Bezeichnungen f\u00fcr Besucher Plan KTL with description for visitors Sie k\u00f6nnen uns \u00fcber die A6, Ausfahrt Ludwigshafen Nord erreichen, indem Sie der Beschilderung BASF Tor 15 und der B9 Am Hansenbusch folgen. \u00a0 An der Fu\u00dfg\u00e4ngerampel fahren Sie weiter geradeaus und folgen der Rechtskurve. Am Ende der Rechtskurve (nach der Ampel die [&hellip;]<\/p>","protected":false},"author":1,"featured_media":0,"parent":96,"menu_order":0,"comment_status":"closed","ping_status":"closed","template":"","meta":{"footnotes":""},"class_list":["post-2444","page","type-page","status-publish","hentry"],"_links":{"self":[{"href":"https:\/\/ktl-lu.de\/en\/wp-json\/wp\/v2\/pages\/2444","targetHints":{"allow":["GET"]}}],"collection":[{"href":"https:\/\/ktl-lu.de\/en\/wp-json\/wp\/v2\/pages"}],"about":[{"href":"https:\/\/ktl-lu.de\/en\/wp-json\/wp\/v2\/types\/page"}],"author":[{"embeddable":true,"href":"https:\/\/ktl-lu.de\/en\/wp-json\/wp\/v2\/users\/1"}],"replies":[{"embeddable":true,"href":"https:\/\/ktl-lu.de\/en\/wp-json\/wp\/v2\/comments?post=2444"}],"version-history":[{"count":0,"href":"https:\/\/ktl-lu.de\/en\/wp-json\/wp\/v2\/pages\/2444\/revisions"}],"up":[{"embeddable":true,"href":"https:\/\/ktl-lu.de\/en\/wp-json\/wp\/v2\/pages\/96"}],"wp:attachment":[{"href":"https:\/\/ktl-lu.de\/en\/wp-json\/wp\/v2\/media?parent=2444"}],"curies":[{"name":"wp","href":"https:\/\/api.w.org\/{rel}","templated":true}]}}