{"id":1648,"date":"2023-02-16T17:18:04","date_gmt":"2023-02-16T16:18:04","guid":{"rendered":"http:\/\/wordpress.ktl-lu.de\/?page_id=1648"},"modified":"2026-04-16T13:44:53","modified_gmt":"2026-04-16T11:44:53","slug":"round-trip-information","status":"publish","type":"page","link":"https:\/\/ktl-lu.de\/en\/information\/round-trip-information\/","title":{"rendered":"Tagesganglinie"},"content":{"rendered":"<div data-elementor-type=\"wp-page\" data-elementor-id=\"1648\" class=\"elementor elementor-1648\" data-elementor-post-type=\"page\">\n\t\t\t\t\t\t<section class=\"elementor-section elementor-top-section elementor-element elementor-element-771e0b1 elementor-section-boxed elementor-section-height-default elementor-section-height-default\" data-id=\"771e0b1\" data-element_type=\"section\" data-no-translation=\"\">\n\t\t\t\t\t\t<div class=\"elementor-container elementor-column-gap-default\">\n\t\t\t\t\t<div class=\"elementor-column elementor-col-100 elementor-top-column elementor-element elementor-element-9714524\" data-id=\"9714524\" data-element_type=\"column\">\n\t\t\t<div class=\"elementor-widget-wrap elementor-element-populated\">\n\t\t\t\t\t\t<div class=\"elementor-element elementor-element-9da018d elementor-widget elementor-widget-heading\" data-id=\"9da018d\" data-element_type=\"widget\" data-widget_type=\"heading.default\">\n\t\t\t\t<div class=\"elementor-widget-container\">\n\t\t\t\t\t<h1 class=\"elementor-heading-title elementor-size-default\">ROUND TRIP INFORMATION<\/h1>\t\t\t\t<\/div>\n\t\t\t\t<\/div>\n\t\t\t\t<div class=\"elementor-element elementor-element-09b6c30 elementor-widget elementor-widget-text-editor\" data-id=\"09b6c30\" data-element_type=\"widget\" data-widget_type=\"text-editor.default\">\n\t\t\t\t<div class=\"elementor-widget-container\">\n\t\t\t\t\t\t\t\t\t<p style=\"text-align: center;\">Here are our average round trip times as a basis for your daily delivery and pick up plannings.<\/p><p style=\"text-align: center;\">\u00a0<\/p><p style=\"text-align: center;\">The shown round trip times are data from the past month including special circumstances in that time. KTL does not assume liability that the shown times can be used for the future.<\/p>\t\t\t\t\t\t\t\t<\/div>\n\t\t\t\t<\/div>\n\t\t\t\t\t<\/div>\n\t\t<\/div>\n\t\t\t\t\t<\/div>\n\t\t<\/section>\n\t\t<div class=\"elementor-element elementor-element-c475b30 e-flex e-con-boxed e-con e-parent\" data-id=\"c475b30\" data-element_type=\"container\">\n\t\t\t\t\t<div class=\"e-con-inner\">\n\t\t\t\t<div class=\"elementor-element elementor-element-481d191 elementor-widget elementor-widget-heading\" data-id=\"481d191\" data-element_type=\"widget\" data-no-translation=\"\" data-widget_type=\"heading.default\">\n\t\t\t\t<div class=\"elementor-widget-container\">\n\t\t\t\t\t<style>.elementor-element-481d191{display:none !important}<\/style>\t\t\t\t<\/div>\n\t\t\t\t<\/div>\n\t\t\t\t<div class=\"elementor-element elementor-element-d52ad88 elementor-widget elementor-widget-heading\" data-id=\"d52ad88\" data-element_type=\"widget\" data-no-translation=\"\" data-widget_type=\"heading.default\">\n\t\t\t\t<div class=\"elementor-widget-container\">\n\t\t\t\t\t<h3 class=\"elementor-heading-title elementor-size-default\">MARCH 2026<\/h3>\t\t\t\t<\/div>\n\t\t\t\t<\/div>\n\t\t\t\t<div class=\"elementor-element elementor-element-98481f6 elementor-widget elementor-widget-spacer\" data-id=\"98481f6\" data-element_type=\"widget\" data-widget_type=\"spacer.default\">\n\t\t\t\t<div class=\"elementor-widget-container\">\n\t\t\t\t\t\t\t<div class=\"elementor-spacer\">\n\t\t\t<div class=\"elementor-spacer-inner\"><\/div>\n\t\t<\/div>\n\t\t\t\t\t\t<\/div>\n\t\t\t\t<\/div>\n\t\t\t\t<div class=\"elementor-element elementor-element-1b9c247 elementor-widget__width-initial elementor-widget elementor-widget-heading\" data-id=\"1b9c247\" data-element_type=\"widget\" data-no-translation=\"\" data-widget_type=\"heading.default\">\n\t\t\t\t<div class=\"elementor-widget-container\">\n\t\t\t\t\t<style>.elementor-element-1b9c247{display:none !important}<\/style>\t\t\t\t<\/div>\n\t\t\t\t<\/div>\n\t\t\t\t<div class=\"elementor-element elementor-element-6fedd3d elementor-widget__width-initial elementor-widget elementor-widget-heading\" data-id=\"6fedd3d\" data-element_type=\"widget\" data-no-translation=\"\" data-widget_type=\"heading.default\">\n\t\t\t\t<div class=\"elementor-widget-container\">\n\t\t\t\t\t<h3 class=\"elementor-heading-title elementor-size-default\">Monday<\/h3>\t\t\t\t<\/div>\n\t\t\t\t<\/div>\n\t\t\t\t<div class=\"elementor-element elementor-element-fc60f1b elementor-widget elementor-widget-image\" data-id=\"fc60f1b\" data-element_type=\"widget\" data-widget_type=\"image.default\">\n\t\t\t\t<div class=\"elementor-widget-container\">\n\t\t\t\t\t\t\t\t\t\t\t\t\t\t\t<img fetchpriority=\"high\" decoding=\"async\" width=\"800\" height=\"366\" src=\"https:\/\/ktl-lu.de\/wp-content\/uploads\/2026\/04\/Tagesganglinie-Maerz26_Mo-1024x468.png\" class=\"attachment-large size-large wp-image-5095\" alt=\"Tagesganglinie M\u00e4rz 26 Mo\" srcset=\"https:\/\/ktl-lu.de\/wp-content\/uploads\/2026\/04\/Tagesganglinie-Maerz26_Mo-1024x468.png 1024w, https:\/\/ktl-lu.de\/wp-content\/uploads\/2026\/04\/Tagesganglinie-Maerz26_Mo-300x137.png 300w, https:\/\/ktl-lu.de\/wp-content\/uploads\/2026\/04\/Tagesganglinie-Maerz26_Mo-768x351.png 768w, https:\/\/ktl-lu.de\/wp-content\/uploads\/2026\/04\/Tagesganglinie-Maerz26_Mo-18x8.png 18w, https:\/\/ktl-lu.de\/wp-content\/uploads\/2026\/04\/Tagesganglinie-Maerz26_Mo.png 1093w\" sizes=\"(max-width: 800px) 100vw, 800px\" \/>\t\t\t\t\t\t\t\t\t\t\t\t\t\t\t<\/div>\n\t\t\t\t<\/div>\n\t\t\t\t<div class=\"elementor-element elementor-element-4c9fb7d elementor-widget elementor-widget-spacer\" data-id=\"4c9fb7d\" data-element_type=\"widget\" data-widget_type=\"spacer.default\">\n\t\t\t\t<div class=\"elementor-widget-container\">\n\t\t\t\t\t\t\t<div class=\"elementor-spacer\">\n\t\t\t<div class=\"elementor-spacer-inner\"><\/div>\n\t\t<\/div>\n\t\t\t\t\t\t<\/div>\n\t\t\t\t<\/div>\n\t\t\t\t<div class=\"elementor-element elementor-element-d2afa08 elementor-widget__width-initial elementor-widget elementor-widget-heading\" data-id=\"d2afa08\" data-element_type=\"widget\" data-no-translation=\"\" data-widget_type=\"heading.default\">\n\t\t\t\t<div class=\"elementor-widget-container\">\n\t\t\t\t\t<style>.elementor-element-d2afa08{display:none !important}<\/style>\t\t\t\t<\/div>\n\t\t\t\t<\/div>\n\t\t\t\t<div class=\"elementor-element elementor-element-885ab21 elementor-widget__width-initial elementor-widget elementor-widget-heading\" data-id=\"885ab21\" data-element_type=\"widget\" data-no-translation=\"\" data-widget_type=\"heading.default\">\n\t\t\t\t<div class=\"elementor-widget-container\">\n\t\t\t\t\t<h3 class=\"elementor-heading-title elementor-size-default\">Tuesday <\/h3>\t\t\t\t<\/div>\n\t\t\t\t<\/div>\n\t\t\t\t<div class=\"elementor-element elementor-element-5872772 elementor-widget elementor-widget-image\" data-id=\"5872772\" data-element_type=\"widget\" data-widget_type=\"image.default\">\n\t\t\t\t<div class=\"elementor-widget-container\">\n\t\t\t\t\t\t\t\t\t\t\t\t\t\t\t<img decoding=\"async\" width=\"800\" height=\"366\" src=\"https:\/\/ktl-lu.de\/wp-content\/uploads\/2026\/04\/Tagesganglinie-Maerz26_Di-1024x468.png\" class=\"attachment-large size-large wp-image-5097\" alt=\"Tagesganglinie M\u00e4rz 26 Di\" srcset=\"https:\/\/ktl-lu.de\/wp-content\/uploads\/2026\/04\/Tagesganglinie-Maerz26_Di-1024x468.png 1024w, https:\/\/ktl-lu.de\/wp-content\/uploads\/2026\/04\/Tagesganglinie-Maerz26_Di-300x137.png 300w, https:\/\/ktl-lu.de\/wp-content\/uploads\/2026\/04\/Tagesganglinie-Maerz26_Di-768x351.png 768w, https:\/\/ktl-lu.de\/wp-content\/uploads\/2026\/04\/Tagesganglinie-Maerz26_Di-18x8.png 18w, https:\/\/ktl-lu.de\/wp-content\/uploads\/2026\/04\/Tagesganglinie-Maerz26_Di.png 1093w\" sizes=\"(max-width: 800px) 100vw, 800px\" \/>\t\t\t\t\t\t\t\t\t\t\t\t\t\t\t<\/div>\n\t\t\t\t<\/div>\n\t\t\t\t<div class=\"elementor-element elementor-element-6922083 elementor-widget elementor-widget-spacer\" data-id=\"6922083\" data-element_type=\"widget\" data-widget_type=\"spacer.default\">\n\t\t\t\t<div class=\"elementor-widget-container\">\n\t\t\t\t\t\t\t<div class=\"elementor-spacer\">\n\t\t\t<div class=\"elementor-spacer-inner\"><\/div>\n\t\t<\/div>\n\t\t\t\t\t\t<\/div>\n\t\t\t\t<\/div>\n\t\t\t\t<div class=\"elementor-element elementor-element-f2c0631 elementor-widget__width-initial elementor-widget elementor-widget-heading\" data-id=\"f2c0631\" data-element_type=\"widget\" data-no-translation=\"\" data-widget_type=\"heading.default\">\n\t\t\t\t<div class=\"elementor-widget-container\">\n\t\t\t\t\t<style>.elementor-element-f2c0631{display:none !important}<\/style>\t\t\t\t<\/div>\n\t\t\t\t<\/div>\n\t\t\t\t<div class=\"elementor-element elementor-element-5059ade elementor-widget__width-initial elementor-widget elementor-widget-heading\" data-id=\"5059ade\" data-element_type=\"widget\" data-no-translation=\"\" data-widget_type=\"heading.default\">\n\t\t\t\t<div class=\"elementor-widget-container\">\n\t\t\t\t\t<h3 class=\"elementor-heading-title elementor-size-default\">Wednesday <\/h3>\t\t\t\t<\/div>\n\t\t\t\t<\/div>\n\t\t\t\t<div class=\"elementor-element elementor-element-0ddd941 elementor-widget elementor-widget-image\" data-id=\"0ddd941\" data-element_type=\"widget\" data-widget_type=\"image.default\">\n\t\t\t\t<div class=\"elementor-widget-container\">\n\t\t\t\t\t\t\t\t\t\t\t\t\t\t\t<img decoding=\"async\" width=\"800\" height=\"366\" src=\"https:\/\/ktl-lu.de\/wp-content\/uploads\/2026\/04\/Tagesganglinie-Maerz26_Mi-1024x468.png\" class=\"attachment-large size-large wp-image-5094\" alt=\"Tagesganglinie M\u00e4rz 26 Mi\" srcset=\"https:\/\/ktl-lu.de\/wp-content\/uploads\/2026\/04\/Tagesganglinie-Maerz26_Mi-1024x468.png 1024w, https:\/\/ktl-lu.de\/wp-content\/uploads\/2026\/04\/Tagesganglinie-Maerz26_Mi-300x137.png 300w, https:\/\/ktl-lu.de\/wp-content\/uploads\/2026\/04\/Tagesganglinie-Maerz26_Mi-768x351.png 768w, https:\/\/ktl-lu.de\/wp-content\/uploads\/2026\/04\/Tagesganglinie-Maerz26_Mi-18x8.png 18w, https:\/\/ktl-lu.de\/wp-content\/uploads\/2026\/04\/Tagesganglinie-Maerz26_Mi.png 1093w\" sizes=\"(max-width: 800px) 100vw, 800px\" \/>\t\t\t\t\t\t\t\t\t\t\t\t\t\t\t<\/div>\n\t\t\t\t<\/div>\n\t\t\t\t<div class=\"elementor-element elementor-element-ee0cf63 elementor-widget elementor-widget-spacer\" data-id=\"ee0cf63\" data-element_type=\"widget\" data-widget_type=\"spacer.default\">\n\t\t\t\t<div class=\"elementor-widget-container\">\n\t\t\t\t\t\t\t<div class=\"elementor-spacer\">\n\t\t\t<div class=\"elementor-spacer-inner\"><\/div>\n\t\t<\/div>\n\t\t\t\t\t\t<\/div>\n\t\t\t\t<\/div>\n\t\t\t\t<div class=\"elementor-element elementor-element-1057905 elementor-widget__width-initial elementor-widget elementor-widget-heading\" data-id=\"1057905\" data-element_type=\"widget\" data-no-translation=\"\" data-widget_type=\"heading.default\">\n\t\t\t\t<div class=\"elementor-widget-container\">\n\t\t\t\t\t<style>.elementor-element-1057905{display:none !important}<\/style>\t\t\t\t<\/div>\n\t\t\t\t<\/div>\n\t\t\t\t<div class=\"elementor-element elementor-element-81cd10c elementor-widget__width-initial elementor-widget elementor-widget-heading\" data-id=\"81cd10c\" data-element_type=\"widget\" data-no-translation=\"\" data-widget_type=\"heading.default\">\n\t\t\t\t<div class=\"elementor-widget-container\">\n\t\t\t\t\t<h3 class=\"elementor-heading-title elementor-size-default\">Thursday <\/h3>\t\t\t\t<\/div>\n\t\t\t\t<\/div>\n\t\t\t\t<div class=\"elementor-element elementor-element-1cb83fe elementor-widget elementor-widget-image\" data-id=\"1cb83fe\" data-element_type=\"widget\" data-widget_type=\"image.default\">\n\t\t\t\t<div class=\"elementor-widget-container\">\n\t\t\t\t\t\t\t\t\t\t\t\t\t\t\t<img loading=\"lazy\" decoding=\"async\" width=\"800\" height=\"366\" src=\"https:\/\/ktl-lu.de\/wp-content\/uploads\/2026\/04\/Tagesganglinie-Maerz26_Do-1024x468.png\" class=\"attachment-large size-large wp-image-5098\" alt=\"Tagesganglinie M\u00e4rz 26 Do\" srcset=\"https:\/\/ktl-lu.de\/wp-content\/uploads\/2026\/04\/Tagesganglinie-Maerz26_Do-1024x468.png 1024w, https:\/\/ktl-lu.de\/wp-content\/uploads\/2026\/04\/Tagesganglinie-Maerz26_Do-300x137.png 300w, https:\/\/ktl-lu.de\/wp-content\/uploads\/2026\/04\/Tagesganglinie-Maerz26_Do-768x351.png 768w, https:\/\/ktl-lu.de\/wp-content\/uploads\/2026\/04\/Tagesganglinie-Maerz26_Do-18x8.png 18w, https:\/\/ktl-lu.de\/wp-content\/uploads\/2026\/04\/Tagesganglinie-Maerz26_Do.png 1093w\" sizes=\"(max-width: 800px) 100vw, 800px\" \/>\t\t\t\t\t\t\t\t\t\t\t\t\t\t\t<\/div>\n\t\t\t\t<\/div>\n\t\t\t\t<div class=\"elementor-element elementor-element-280f1ad elementor-widget elementor-widget-spacer\" data-id=\"280f1ad\" data-element_type=\"widget\" data-widget_type=\"spacer.default\">\n\t\t\t\t<div class=\"elementor-widget-container\">\n\t\t\t\t\t\t\t<div class=\"elementor-spacer\">\n\t\t\t<div class=\"elementor-spacer-inner\"><\/div>\n\t\t<\/div>\n\t\t\t\t\t\t<\/div>\n\t\t\t\t<\/div>\n\t\t\t\t<div class=\"elementor-element elementor-element-0963d06 elementor-widget__width-initial elementor-widget elementor-widget-heading\" data-id=\"0963d06\" data-element_type=\"widget\" data-no-translation=\"\" data-widget_type=\"heading.default\">\n\t\t\t\t<div class=\"elementor-widget-container\">\n\t\t\t\t\t<style>.elementor-element-0963d06{display:none !important}<\/style>\t\t\t\t<\/div>\n\t\t\t\t<\/div>\n\t\t\t\t<div class=\"elementor-element elementor-element-466191d elementor-widget__width-initial elementor-widget elementor-widget-heading\" data-id=\"466191d\" data-element_type=\"widget\" data-no-translation=\"\" data-widget_type=\"heading.default\">\n\t\t\t\t<div class=\"elementor-widget-container\">\n\t\t\t\t\t<h3 class=\"elementor-heading-title elementor-size-default\">Friday <\/h3>\t\t\t\t<\/div>\n\t\t\t\t<\/div>\n\t\t\t\t<div class=\"elementor-element elementor-element-5244bd2 elementor-widget elementor-widget-image\" data-id=\"5244bd2\" data-element_type=\"widget\" data-widget_type=\"image.default\">\n\t\t\t\t<div class=\"elementor-widget-container\">\n\t\t\t\t\t\t\t\t\t\t\t\t\t\t\t<img loading=\"lazy\" decoding=\"async\" width=\"800\" height=\"366\" src=\"https:\/\/ktl-lu.de\/wp-content\/uploads\/2026\/04\/Tagesganglinie-Maerz26_Fr-1024x468.png\" class=\"attachment-large size-large wp-image-5093\" alt=\"Tagesganglinie M\u00e4rz 26 Fr\" srcset=\"https:\/\/ktl-lu.de\/wp-content\/uploads\/2026\/04\/Tagesganglinie-Maerz26_Fr-1024x468.png 1024w, https:\/\/ktl-lu.de\/wp-content\/uploads\/2026\/04\/Tagesganglinie-Maerz26_Fr-300x137.png 300w, https:\/\/ktl-lu.de\/wp-content\/uploads\/2026\/04\/Tagesganglinie-Maerz26_Fr-768x351.png 768w, https:\/\/ktl-lu.de\/wp-content\/uploads\/2026\/04\/Tagesganglinie-Maerz26_Fr-18x8.png 18w, https:\/\/ktl-lu.de\/wp-content\/uploads\/2026\/04\/Tagesganglinie-Maerz26_Fr.png 1093w\" sizes=\"(max-width: 800px) 100vw, 800px\" \/>\t\t\t\t\t\t\t\t\t\t\t\t\t\t\t<\/div>\n\t\t\t\t<\/div>\n\t\t\t\t<div class=\"elementor-element elementor-element-ea5f88f elementor-widget elementor-widget-spacer\" data-id=\"ea5f88f\" data-element_type=\"widget\" data-widget_type=\"spacer.default\">\n\t\t\t\t<div class=\"elementor-widget-container\">\n\t\t\t\t\t\t\t<div class=\"elementor-spacer\">\n\t\t\t<div class=\"elementor-spacer-inner\"><\/div>\n\t\t<\/div>\n\t\t\t\t\t\t<\/div>\n\t\t\t\t<\/div>\n\t\t\t\t<div class=\"elementor-element elementor-element-6416e40 elementor-widget__width-initial elementor-widget elementor-widget-heading\" data-id=\"6416e40\" data-element_type=\"widget\" data-no-translation=\"\" data-widget_type=\"heading.default\">\n\t\t\t\t<div class=\"elementor-widget-container\">\n\t\t\t\t\t<style>.elementor-element-6416e40{display:none !important}<\/style>\t\t\t\t<\/div>\n\t\t\t\t<\/div>\n\t\t\t\t<div class=\"elementor-element elementor-element-3c9ca72 elementor-widget__width-initial elementor-widget elementor-widget-heading\" data-id=\"3c9ca72\" data-element_type=\"widget\" data-no-translation=\"\" data-widget_type=\"heading.default\">\n\t\t\t\t<div class=\"elementor-widget-container\">\n\t\t\t\t\t<h3 class=\"elementor-heading-title elementor-size-default\">Saturday <\/h3>\t\t\t\t<\/div>\n\t\t\t\t<\/div>\n\t\t\t\t<div class=\"elementor-element elementor-element-9c0c7af elementor-widget elementor-widget-image\" data-id=\"9c0c7af\" data-element_type=\"widget\" data-widget_type=\"image.default\">\n\t\t\t\t<div class=\"elementor-widget-container\">\n\t\t\t\t\t\t\t\t\t\t\t\t\t\t\t<img loading=\"lazy\" decoding=\"async\" width=\"800\" height=\"366\" src=\"https:\/\/ktl-lu.de\/wp-content\/uploads\/2026\/04\/Tagesganglinie-Maerz26_Sa-1024x468.png\" class=\"attachment-large size-large wp-image-5096\" alt=\"Tagesganglinie M\u00e4rz 26 Sa\" srcset=\"https:\/\/ktl-lu.de\/wp-content\/uploads\/2026\/04\/Tagesganglinie-Maerz26_Sa-1024x468.png 1024w, https:\/\/ktl-lu.de\/wp-content\/uploads\/2026\/04\/Tagesganglinie-Maerz26_Sa-300x137.png 300w, https:\/\/ktl-lu.de\/wp-content\/uploads\/2026\/04\/Tagesganglinie-Maerz26_Sa-768x351.png 768w, https:\/\/ktl-lu.de\/wp-content\/uploads\/2026\/04\/Tagesganglinie-Maerz26_Sa-18x8.png 18w, https:\/\/ktl-lu.de\/wp-content\/uploads\/2026\/04\/Tagesganglinie-Maerz26_Sa.png 1093w\" sizes=\"(max-width: 800px) 100vw, 800px\" \/>\t\t\t\t\t\t\t\t\t\t\t\t\t\t\t<\/div>\n\t\t\t\t<\/div>\n\t\t\t\t<div class=\"elementor-element elementor-element-9eac57e elementor-widget elementor-widget-spacer\" data-id=\"9eac57e\" data-element_type=\"widget\" data-widget_type=\"spacer.default\">\n\t\t\t\t<div class=\"elementor-widget-container\">\n\t\t\t\t\t\t\t<div class=\"elementor-spacer\">\n\t\t\t<div class=\"elementor-spacer-inner\"><\/div>\n\t\t<\/div>\n\t\t\t\t\t\t<\/div>\n\t\t\t\t<\/div>\n\t\t\t\t\t<\/div>\n\t\t\t\t<\/div>\n\t\t\t\t<\/div>","protected":false},"excerpt":{"rendered":"<p>Tagesganglinie Unsere durchschnittlichen Durchlaufzeiten im Vormonat zur Planung von Abholungen und Anlieferungen finden Sie hier: \u00a0 Die aufgef\u00fchrten Durchlaufzeiten sind Vergangenheitswerte vom Vormonat und ggf. Ergebnis besonderer Umst\u00e4nde in diesem Zeitraum. KTL \u00fcbernimmt keine Haftung, dass diese Zeiten auch in Zukunft erreicht\/eingehalten werden. ROUND TRIP INFORMATION Here are our average round trip times as a [&hellip;]<\/p>","protected":false},"author":1,"featured_media":0,"parent":96,"menu_order":0,"comment_status":"closed","ping_status":"closed","template":"","meta":{"footnotes":""},"class_list":["post-1648","page","type-page","status-publish","hentry"],"_links":{"self":[{"href":"https:\/\/ktl-lu.de\/en\/wp-json\/wp\/v2\/pages\/1648","targetHints":{"allow":["GET"]}}],"collection":[{"href":"https:\/\/ktl-lu.de\/en\/wp-json\/wp\/v2\/pages"}],"about":[{"href":"https:\/\/ktl-lu.de\/en\/wp-json\/wp\/v2\/types\/page"}],"author":[{"embeddable":true,"href":"https:\/\/ktl-lu.de\/en\/wp-json\/wp\/v2\/users\/1"}],"replies":[{"embeddable":true,"href":"https:\/\/ktl-lu.de\/en\/wp-json\/wp\/v2\/comments?post=1648"}],"version-history":[{"count":3,"href":"https:\/\/ktl-lu.de\/en\/wp-json\/wp\/v2\/pages\/1648\/revisions"}],"predecessor-version":[{"id":5102,"href":"https:\/\/ktl-lu.de\/en\/wp-json\/wp\/v2\/pages\/1648\/revisions\/5102"}],"up":[{"embeddable":true,"href":"https:\/\/ktl-lu.de\/en\/wp-json\/wp\/v2\/pages\/96"}],"wp:attachment":[{"href":"https:\/\/ktl-lu.de\/en\/wp-json\/wp\/v2\/media?parent=1648"}],"curies":[{"name":"wp","href":"https:\/\/api.w.org\/{rel}","templated":true}]}}