{"id":1453,"date":"2023-01-24T13:37:05","date_gmt":"2023-01-24T12:37:05","guid":{"rendered":"http:\/\/wordpress.ktl-lu.de\/?page_id=1453"},"modified":"2026-02-27T13:56:52","modified_gmt":"2026-02-27T12:56:52","slug":"ktl-permanent-id","status":"publish","type":"page","link":"https:\/\/ktl-lu.de\/en\/information\/ktl-permanent-id\/","title":{"rendered":"Dauerausweis"},"content":{"rendered":"<div data-elementor-type=\"wp-page\" data-elementor-id=\"1453\" class=\"elementor elementor-1453\" data-elementor-post-type=\"page\">\n\t\t\t\t\t\t<section class=\"elementor-section elementor-top-section elementor-element elementor-element-9962bf9 elementor-section-boxed elementor-section-height-default elementor-section-height-default\" data-id=\"9962bf9\" data-element_type=\"section\" data-no-translation=\"\">\n\t\t\t\t\t\t<div class=\"elementor-container elementor-column-gap-default\">\n\t\t\t\t\t<div class=\"elementor-column elementor-col-100 elementor-top-column elementor-element elementor-element-9eca301\" data-id=\"9eca301\" data-element_type=\"column\">\n\t\t\t<div class=\"elementor-widget-wrap elementor-element-populated\">\n\t\t\t\t\t\t<div class=\"elementor-element elementor-element-b39ef31 elementor-widget elementor-widget-heading\" data-id=\"b39ef31\" data-element_type=\"widget\" data-widget_type=\"heading.default\">\n\t\t\t\t<div class=\"elementor-widget-container\">\n\t\t\t\t\t<h1 class=\"elementor-heading-title elementor-size-default\">KTL PERMANENT ID<\/h1>\t\t\t\t<\/div>\n\t\t\t\t<\/div>\n\t\t\t\t\t<\/div>\n\t\t<\/div>\n\t\t\t\t\t<\/div>\n\t\t<\/section>\n\t\t\t\t<section class=\"elementor-section elementor-top-section elementor-element elementor-element-e40858d elementor-section-boxed elementor-section-height-default elementor-section-height-default\" data-id=\"e40858d\" data-element_type=\"section\" data-no-translation=\"\">\n\t\t\t\t\t\t<div class=\"elementor-container elementor-column-gap-default\">\n\t\t\t\t\t<div class=\"elementor-column elementor-col-100 elementor-top-column elementor-element elementor-element-5838584\" data-id=\"5838584\" data-element_type=\"column\">\n\t\t\t<div class=\"elementor-widget-wrap elementor-element-populated\">\n\t\t\t\t\t\t<div class=\"elementor-element elementor-element-d778b71 elementor-widget elementor-widget-text-editor\" data-id=\"d778b71\" data-element_type=\"widget\" data-widget_type=\"text-editor.default\">\n\t\t\t\t<div class=\"elementor-widget-container\">\n\t\t\t\t\t\t\t\t\t<p><strong>Entering \/ driving on the company premises is only possible with a KTL access ID.<\/strong><\/p><p>To enable a more efficient stay, we offer KTL permanent ID cards for your drivers. Alternatively, day ID-s would have to be issued for each entry, which would mean more time for your drivers. The prerequisite for the approval of a KTL permanent ID is that the driver drives to our terminal regularly.<\/p><p>We charge a deposit of EUR 10.00 for each permanent ID. The deposit will of course be refunded when the permanent ID card is returned. A loss of the permanent identity card must be reported immediately.<\/p><p>\u00a0If a driver leaves your company, we require prompt notification and the driver&#8217;s KTL permanent ID must be returned immediately. The deposit will be refunded to you via bank transfer after the permanent ID is returned.<\/p><p>After receipt of the deposit, the permanent ID cards can be handed over personally by the driver upon presentation of an official photo document during terminal opening hours at Gate Y14.<\/p><p>You will receive an invoice for the deposit for all permanent ID cards applied for with the request to transfer the deposit amount promptly or to pay by card on site. We ask for your understanding that we do not accept cash payments. Please also inform the subcontractors working for your company.<\/p><p>We thank you in advance for your support.<\/p><p>Note on data protection:<\/p><p><span style=\"font-family: var( --e-global-typography-be30d8b-font-family ), Sans-serif; font-size: var( --e-global-typography-be30d8b-font-size ); font-weight: var( --e-global-typography-be30d8b-font-weight ); letter-spacing: var( --e-global-typography-be30d8b-letter-spacing ); word-spacing: var( --e-global-typography-be30d8b-word-spacing );\">We store your data, such as contact details, name, date of birth etc., in ordner to be able to issue a permanent ID card. The data is provided by you and are stored for verification purposes.<\/span><\/p><p><strong style=\"font-family: var( --e-global-typography-be30d8b-font-family ), Sans-serif; font-size: var( --e-global-typography-be30d8b-font-size ); letter-spacing: var( --e-global-typography-be30d8b-letter-spacing ); word-spacing: var( --e-global-typography-be30d8b-word-spacing );\">If you have any questions, please contact us at Manuela Hollstein, Telephone: <a href=\"tel:00490621 65913 12\">+49 (0) 621\/ 65913-12<\/a>.<\/strong><\/p>\t\t\t\t\t\t\t\t<\/div>\n\t\t\t\t<\/div>\n\t\t\t\t\t<\/div>\n\t\t<\/div>\n\t\t\t\t\t<\/div>\n\t\t<\/section>\n\t\t\t\t<section class=\"elementor-section elementor-top-section elementor-element elementor-element-403fbfc elementor-section-boxed elementor-section-height-default elementor-section-height-default\" data-id=\"403fbfc\" data-element_type=\"section\" data-no-translation=\"\">\n\t\t\t\t\t\t<div class=\"elementor-container elementor-column-gap-default\">\n\t\t\t\t\t<div class=\"elementor-column elementor-col-100 elementor-top-column elementor-element elementor-element-3e66526\" data-id=\"3e66526\" data-element_type=\"column\">\n\t\t\t<div class=\"elementor-widget-wrap elementor-element-populated\">\n\t\t\t\t\t\t<div class=\"elementor-element elementor-element-252315a elementor-widget elementor-widget-image\" data-id=\"252315a\" data-element_type=\"widget\" data-widget_type=\"image.default\">\n\t\t\t\t<div class=\"elementor-widget-container\">\n\t\t\t\t\t\t\t\t\t\t\t\t\t\t\t<img fetchpriority=\"high\" decoding=\"async\" width=\"1200\" height=\"771\" src=\"https:\/\/ktl-lu.de\/wp-content\/uploads\/2023\/03\/e_eGateY14_1.jpg\" class=\"attachment-1536x1536 size-1536x1536 wp-image-3516\" alt=\"KTL Gate Y014\" srcset=\"https:\/\/ktl-lu.de\/wp-content\/uploads\/2023\/03\/e_eGateY14_1.jpg 1200w, https:\/\/ktl-lu.de\/wp-content\/uploads\/2023\/03\/e_eGateY14_1-300x193.jpg 300w, https:\/\/ktl-lu.de\/wp-content\/uploads\/2023\/03\/e_eGateY14_1-1024x658.jpg 1024w, https:\/\/ktl-lu.de\/wp-content\/uploads\/2023\/03\/e_eGateY14_1-768x493.jpg 768w, https:\/\/ktl-lu.de\/wp-content\/uploads\/2023\/03\/e_eGateY14_1-18x12.jpg 18w\" sizes=\"(max-width: 1200px) 100vw, 1200px\" \/>\t\t\t\t\t\t\t\t\t\t\t\t\t\t\t<\/div>\n\t\t\t\t<\/div>\n\t\t\t\t\t<\/div>\n\t\t<\/div>\n\t\t\t\t\t<\/div>\n\t\t<\/section>\n\t\t\t\t<section class=\"elementor-section elementor-top-section elementor-element elementor-element-308a78f elementor-section-boxed elementor-section-height-default elementor-section-height-default\" data-id=\"308a78f\" data-element_type=\"section\" data-no-translation=\"\">\n\t\t\t\t\t\t<div class=\"elementor-container elementor-column-gap-default\">\n\t\t\t\t\t<div class=\"elementor-column elementor-col-100 elementor-top-column elementor-element elementor-element-c3ebfbc\" data-id=\"c3ebfbc\" data-element_type=\"column\">\n\t\t\t<div class=\"elementor-widget-wrap elementor-element-populated\">\n\t\t\t\t\t\t<div class=\"elementor-element elementor-element-1eb1bb0 elementor-widget elementor-widget-text-editor\" data-id=\"1eb1bb0\" data-element_type=\"widget\" data-widget_type=\"text-editor.default\">\n\t\t\t\t<div class=\"elementor-widget-container\">\n\t\t\t\t\t\t\t\t\t<p>If an ID card is damaged (broken, torn, etc.), a new application must be submitted. Please return the damaged ID card to us or send it by mail. ID cards can now only be collected at Gate Y 14.<\/p><p>\u00a0<\/p><p><strong>Data Privacy Notice:<\/strong><\/p><p>We store your data, such as contact information, name, date of birth, etc., in order to issue a permanent ID card.<\/p><p>This data is provided by you and is stored for verification purposes.<\/p><p>\u00a0<\/p><p><strong>Application Form<\/strong><\/p><p>Please send all applications by email to <a href=\"mailto:ausweisstelle@ktl-lu.de\">ausweisstelle@ktl-lu.de.<\/a><\/p><p>Alternatively, you can find the application form for permanent ID cards <a href=\"https:\/\/ktl-lu.de\/wp-content\/uploads\/2023\/01\/Antragsformular_KTL-Dauerausweise_neu-ab-01-07-2020.pdf\" target=\"_blank\" rel=\"noopener\"><strong><u>here<\/u><\/strong> <\/a>as a PDF file. Please enter your regular drivers in this form and return it to us:<\/p><ul><li>by email to: <a href=\"mailto:ausweisstelle@ktl-lu.de\">ausweisstelle@ktl-lu.de<\/a><\/li><\/ul>\t\t\t\t\t\t\t\t<\/div>\n\t\t\t\t<\/div>\n\t\t\t\t\t<\/div>\n\t\t<\/div>\n\t\t\t\t\t<\/div>\n\t\t<\/section>\n\t\t<div class=\"elementor-element elementor-element-134a283 e-flex e-con-boxed e-con e-parent\" data-id=\"134a283\" data-element_type=\"container\">\n\t\t\t\t\t<div class=\"e-con-inner\">\n\t\t\t\t<div class=\"elementor-element elementor-element-9b0213a elementor-widget elementor-widget-text-editor\" data-id=\"9b0213a\" data-element_type=\"widget\" data-widget_type=\"text-editor.default\">\n\t\t\t\t<div class=\"elementor-widget-container\">\n\t\t\t\t\t\t\t\t\t<p style=\"text-align: center;\"><span style=\"color: #00898c;\"><strong>Bitte alle Antr\u00e4ge vorl\u00e4ufig per Mail an ausweisstelle@ktl-lu.de senden<\/strong><\/span><\/p>\t\t\t\t\t\t\t\t<\/div>\n\t\t\t\t<\/div>\n\t\t\t\t\t<\/div>\n\t\t\t\t<\/div>\n\t\t\t\t<section class=\"elementor-section elementor-top-section elementor-element elementor-element-51c12f0 elementor-section-boxed elementor-section-height-default elementor-section-height-default\" data-id=\"51c12f0\" data-element_type=\"section\">\n\t\t\t\t\t\t<div class=\"elementor-container elementor-column-gap-default\">\n\t\t\t\t\t<div class=\"elementor-column elementor-col-100 elementor-top-column elementor-element elementor-element-a216a53\" data-id=\"a216a53\" data-element_type=\"column\">\n\t\t\t<div class=\"elementor-widget-wrap elementor-element-populated\">\n\t\t\t\t\t\t<div class=\"elementor-element elementor-element-389911d elementor-widget elementor-widget-spacer\" data-id=\"389911d\" data-element_type=\"widget\" data-widget_type=\"spacer.default\">\n\t\t\t\t<div class=\"elementor-widget-container\">\n\t\t\t\t\t\t\t<div class=\"elementor-spacer\">\n\t\t\t<div class=\"elementor-spacer-inner\"><\/div>\n\t\t<\/div>\n\t\t\t\t\t\t<\/div>\n\t\t\t\t<\/div>\n\t\t\t\t\t<\/div>\n\t\t<\/div>\n\t\t\t\t\t<\/div>\n\t\t<\/section>\n\t\t\t\t<\/div>","protected":false},"excerpt":{"rendered":"<p>DAUERAUSWEIS KTL PERMANENT ID Das Betreten \/ Befahren des Betriebsgel\u00e4ndes ist nur mit einem KTL-Zutrittsausweis m\u00f6glich. Um einen zeitlich effizienteren Aufenthalt zu erm\u00f6glichen, bieten wir f\u00fcr Ihr Fahrpersonal KTL-Dauerausweise an. Alternativ m\u00fcssten Tagesausweise f\u00fcr jede Einfahrt erstellt werden, dies w\u00fcrde\u00a0 einen erh\u00f6hten zeitlichen Mehraufwand f\u00fcr Ihre Fahrer bedeuten. Voraussetzung f\u00fcr die Genehmigung eines\u00a0 KTL-Dauerausweises ist, [&hellip;]<\/p>","protected":false},"author":1,"featured_media":0,"parent":96,"menu_order":0,"comment_status":"closed","ping_status":"closed","template":"","meta":{"footnotes":""},"class_list":["post-1453","page","type-page","status-publish","hentry"],"_links":{"self":[{"href":"https:\/\/ktl-lu.de\/en\/wp-json\/wp\/v2\/pages\/1453","targetHints":{"allow":["GET"]}}],"collection":[{"href":"https:\/\/ktl-lu.de\/en\/wp-json\/wp\/v2\/pages"}],"about":[{"href":"https:\/\/ktl-lu.de\/en\/wp-json\/wp\/v2\/types\/page"}],"author":[{"embeddable":true,"href":"https:\/\/ktl-lu.de\/en\/wp-json\/wp\/v2\/users\/1"}],"replies":[{"embeddable":true,"href":"https:\/\/ktl-lu.de\/en\/wp-json\/wp\/v2\/comments?post=1453"}],"version-history":[{"count":0,"href":"https:\/\/ktl-lu.de\/en\/wp-json\/wp\/v2\/pages\/1453\/revisions"}],"up":[{"embeddable":true,"href":"https:\/\/ktl-lu.de\/en\/wp-json\/wp\/v2\/pages\/96"}],"wp:attachment":[{"href":"https:\/\/ktl-lu.de\/en\/wp-json\/wp\/v2\/media?parent=1453"}],"curies":[{"name":"wp","href":"https:\/\/api.w.org\/{rel}","templated":true}]}}