{"id":1435,"date":"2023-01-24T11:58:16","date_gmt":"2023-01-24T10:58:16","guid":{"rendered":"http:\/\/wordpress.ktl-lu.de\/?page_id=1435"},"modified":"2026-04-02T09:25:43","modified_gmt":"2026-04-02T07:25:43","slug":"business-hours","status":"publish","type":"page","link":"https:\/\/ktl-lu.de\/en\/information\/business-hours\/","title":{"rendered":"\u00d6ffnungszeiten"},"content":{"rendered":"<div data-elementor-type=\"wp-page\" data-elementor-id=\"1435\" class=\"elementor elementor-1435\" data-elementor-post-type=\"page\">\n\t\t\t\t\t\t<section class=\"elementor-section elementor-top-section elementor-element elementor-element-f62e620 elementor-section-boxed elementor-section-height-default elementor-section-height-default\" data-id=\"f62e620\" data-element_type=\"section\" data-no-translation=\"\">\n\t\t\t\t\t\t<div class=\"elementor-container elementor-column-gap-default\">\n\t\t\t\t\t<div class=\"elementor-column elementor-col-100 elementor-top-column elementor-element elementor-element-f6d87d5\" data-id=\"f6d87d5\" data-element_type=\"column\">\n\t\t\t<div class=\"elementor-widget-wrap elementor-element-populated\">\n\t\t\t\t\t\t<div class=\"elementor-element elementor-element-06a9f81 elementor-widget elementor-widget-heading\" data-id=\"06a9f81\" data-element_type=\"widget\" data-widget_type=\"heading.default\">\n\t\t\t\t<div class=\"elementor-widget-container\">\n\t\t\t\t\t<h1 class=\"elementor-heading-title elementor-size-default\">BUSINESS HOURS<\/h1>\t\t\t\t<\/div>\n\t\t\t\t<\/div>\n\t\t\t\t\t<\/div>\n\t\t<\/div>\n\t\t\t\t\t<\/div>\n\t\t<\/section>\n\t\t\t\t<section class=\"elementor-section elementor-top-section elementor-element elementor-element-92757be elementor-section-full_width elementor-section-height-default elementor-section-height-default\" data-id=\"92757be\" data-element_type=\"section\" data-settings=\"{&quot;background_background&quot;:&quot;classic&quot;}\" data-no-translation=\"\">\n\t\t\t\t\t\t<div class=\"elementor-container elementor-column-gap-default\">\n\t\t\t\t\t<div class=\"elementor-column elementor-col-50 elementor-top-column elementor-element elementor-element-8d31056\" data-id=\"8d31056\" data-element_type=\"column\" data-settings=\"{&quot;background_background&quot;:&quot;gradient&quot;}\" data-aos=\"fade-up-left\">\n\t\t\t<div class=\"elementor-widget-wrap elementor-element-populated\">\n\t\t\t\t\t\t<section class=\"elementor-section elementor-inner-section elementor-element elementor-element-063559c elementor-section-content-middle elementor-section-boxed elementor-section-height-default elementor-section-height-default\" data-id=\"063559c\" data-element_type=\"section\">\n\t\t\t\t\t\t<div class=\"elementor-container elementor-column-gap-default\">\n\t\t\t\t\t<div class=\"elementor-column elementor-col-100 elementor-inner-column elementor-element elementor-element-c86008e\" data-id=\"c86008e\" data-element_type=\"column\">\n\t\t\t<div class=\"elementor-widget-wrap elementor-element-populated\">\n\t\t\t\t\t\t<div class=\"elementor-element elementor-element-679f1eb elementor-widget elementor-widget-heading\" data-id=\"679f1eb\" data-element_type=\"widget\" data-widget_type=\"heading.default\">\n\t\t\t\t<div class=\"elementor-widget-container\">\n\t\t\t\t\t<h2 class=\"elementor-heading-title elementor-size-default\">Regular business hours 2026<\/h2>\t\t\t\t<\/div>\n\t\t\t\t<\/div>\n\t\t\t\t<div class=\"elementor-element elementor-element-79fe66b elementor-widget elementor-widget-spacer\" data-id=\"79fe66b\" data-element_type=\"widget\" data-widget_type=\"spacer.default\">\n\t\t\t\t<div class=\"elementor-widget-container\">\n\t\t\t\t\t\t\t<div class=\"elementor-spacer\">\n\t\t\t<div class=\"elementor-spacer-inner\"><\/div>\n\t\t<\/div>\n\t\t\t\t\t\t<\/div>\n\t\t\t\t<\/div>\n\t\t\t\t\t<\/div>\n\t\t<\/div>\n\t\t\t\t\t<\/div>\n\t\t<\/section>\n\t\t<div class=\"elementor-element elementor-element-b333ee8 e-con-full e-flex e-con e-parent\" data-id=\"b333ee8\" data-element_type=\"container\">\n\t\t<div class=\"elementor-element elementor-element-660275a e-con-full e-flex e-con e-child\" data-id=\"660275a\" data-element_type=\"container\">\n\t\t\t\t<div class=\"elementor-element elementor-element-73610f6 elementor-widget elementor-widget-text-editor\" data-id=\"73610f6\" data-element_type=\"widget\" data-widget_type=\"text-editor.default\">\n\t\t\t\t<div class=\"elementor-widget-container\">\n\t\t\t\t\t\t\t\t\t<p>Mon<\/p>\t\t\t\t\t\t\t\t<\/div>\n\t\t\t\t<\/div>\n\t\t\t\t<\/div>\n\t\t<div class=\"elementor-element elementor-element-d75e6ce e-con-full e-flex e-con e-child\" data-id=\"d75e6ce\" data-element_type=\"container\">\n\t\t\t\t<div class=\"elementor-element elementor-element-bde6917 elementor-widget elementor-widget-text-editor\" data-id=\"bde6917\" data-element_type=\"widget\" data-widget_type=\"text-editor.default\">\n\t\t\t\t<div class=\"elementor-widget-container\">\n\t\t\t\t\t\t\t\t\t<p style=\"text-align: left;\">05.00 \u2013 24.00 h<\/p>\t\t\t\t\t\t\t\t<\/div>\n\t\t\t\t<\/div>\n\t\t\t\t<\/div>\n\t\t\t\t<\/div>\n\t\t<div class=\"elementor-element elementor-element-a261a91 e-con-full e-flex e-con e-parent\" data-id=\"a261a91\" data-element_type=\"container\">\n\t\t<div class=\"elementor-element elementor-element-a83848a e-con-full e-flex e-con e-child\" data-id=\"a83848a\" data-element_type=\"container\">\n\t\t\t\t<div class=\"elementor-element elementor-element-cd28e21 elementor-widget elementor-widget-text-editor\" data-id=\"cd28e21\" data-element_type=\"widget\" data-widget_type=\"text-editor.default\">\n\t\t\t\t<div class=\"elementor-widget-container\">\n\t\t\t\t\t\t\t\t\t<p>Tue \u2013 Fri<\/p>\t\t\t\t\t\t\t\t<\/div>\n\t\t\t\t<\/div>\n\t\t\t\t<\/div>\n\t\t<div class=\"elementor-element elementor-element-72e0f4f e-con-full e-flex e-con e-child\" data-id=\"72e0f4f\" data-element_type=\"container\">\n\t\t\t\t<div class=\"elementor-element elementor-element-a2aeea1 elementor-widget elementor-widget-text-editor\" data-id=\"a2aeea1\" data-element_type=\"widget\" data-widget_type=\"text-editor.default\">\n\t\t\t\t<div class=\"elementor-widget-container\">\n\t\t\t\t\t\t\t\t\t<p style=\"text-align: left;\">00.00 \u2013 24.00 h<\/p>\t\t\t\t\t\t\t\t<\/div>\n\t\t\t\t<\/div>\n\t\t\t\t<\/div>\n\t\t\t\t<\/div>\n\t\t<div class=\"elementor-element elementor-element-78d1dec e-con-full e-flex e-con e-parent\" data-id=\"78d1dec\" data-element_type=\"container\">\n\t\t<div class=\"elementor-element elementor-element-709f574 e-con-full e-flex e-con e-child\" data-id=\"709f574\" data-element_type=\"container\">\n\t\t\t\t<div class=\"elementor-element elementor-element-5357754 elementor-widget elementor-widget-text-editor\" data-id=\"5357754\" data-element_type=\"widget\" data-widget_type=\"text-editor.default\">\n\t\t\t\t<div class=\"elementor-widget-container\">\n\t\t\t\t\t\t\t\t\t<p>Sat<\/p>\t\t\t\t\t\t\t\t<\/div>\n\t\t\t\t<\/div>\n\t\t\t\t<\/div>\n\t\t<div class=\"elementor-element elementor-element-8b4b6f0 e-con-full e-flex e-con e-child\" data-id=\"8b4b6f0\" data-element_type=\"container\">\n\t\t\t\t<div class=\"elementor-element elementor-element-cefc14c elementor-widget elementor-widget-text-editor\" data-id=\"cefc14c\" data-element_type=\"widget\" data-widget_type=\"text-editor.default\">\n\t\t\t\t<div class=\"elementor-widget-container\">\n\t\t\t\t\t\t\t\t\t<p style=\"text-align: left;\">00.00 \u2013 13.00 h<\/p>\t\t\t\t\t\t\t\t<\/div>\n\t\t\t\t<\/div>\n\t\t\t\t<\/div>\n\t\t\t\t<\/div>\n\t\t<div class=\"elementor-element elementor-element-c4bedd4 e-con-full e-flex e-con e-parent\" data-id=\"c4bedd4\" data-element_type=\"container\">\n\t\t<div class=\"elementor-element elementor-element-8f07fea e-con-full e-flex e-con e-child\" data-id=\"8f07fea\" data-element_type=\"container\">\n\t\t\t\t<div class=\"elementor-element elementor-element-2f8a637 elementor-widget elementor-widget-text-editor\" data-id=\"2f8a637\" data-element_type=\"widget\" data-widget_type=\"text-editor.default\">\n\t\t\t\t<div class=\"elementor-widget-container\">\n\t\t\t\t\t\t\t\t\t<p>Sun<\/p>\t\t\t\t\t\t\t\t<\/div>\n\t\t\t\t<\/div>\n\t\t\t\t<\/div>\n\t\t<div class=\"elementor-element elementor-element-1039c48 e-con-full e-flex e-con e-child\" data-id=\"1039c48\" data-element_type=\"container\">\n\t\t\t\t<div class=\"elementor-element elementor-element-2913574 elementor-widget elementor-widget-text-editor\" data-id=\"2913574\" data-element_type=\"widget\" data-widget_type=\"text-editor.default\">\n\t\t\t\t<div class=\"elementor-widget-container\">\n\t\t\t\t\t\t\t\t\t<p style=\"text-align: left;\">closed<\/p>\t\t\t\t\t\t\t\t<\/div>\n\t\t\t\t<\/div>\n\t\t\t\t<\/div>\n\t\t\t\t<\/div>\n\t\t<div class=\"elementor-element elementor-element-6d70303 e-con-full e-flex e-con e-parent\" data-id=\"6d70303\" data-element_type=\"container\">\n\t\t<div class=\"elementor-element elementor-element-2c69ef0 e-con-full e-flex e-con e-child\" data-id=\"2c69ef0\" data-element_type=\"container\">\n\t\t\t\t<\/div>\n\t\t<div class=\"elementor-element elementor-element-e924d9e e-con-full e-flex e-con e-child\" data-id=\"e924d9e\" data-element_type=\"container\">\n\t\t\t\t<\/div>\n\t\t\t\t<\/div>\n\t\t<div class=\"elementor-element elementor-element-31d530a e-con-full e-flex e-con e-parent\" data-id=\"31d530a\" data-element_type=\"container\">\n\t\t<div class=\"elementor-element elementor-element-335daf4 e-con-full e-flex e-con e-child\" data-id=\"335daf4\" data-element_type=\"container\">\n\t\t\t\t<div class=\"elementor-element elementor-element-f9c4013 elementor-invisible elementor-widget elementor-widget-text-editor\" data-id=\"f9c4013\" data-element_type=\"widget\" data-settings=\"{&quot;motion_fx_motion_fx_scrolling&quot;:&quot;yes&quot;,&quot;_animation&quot;:&quot;pulse&quot;,&quot;motion_fx_devices&quot;:[&quot;desktop&quot;,&quot;tablet&quot;,&quot;mobile&quot;]}\" data-widget_type=\"text-editor.default\">\n\t\t\t\t<div class=\"elementor-widget-container\">\n\t\t\t\t\t\t\t\t\t<p><a href=\"https:\/\/ktl-lu.de\/wp-content\/uploads\/2026\/04\/Oeffnungszeiten-KTL-2026-1.pdf\"><span style=\"text-decoration: underline;\"><span style=\"color: #ffffff; text-decoration: underline;\">Business Hours as PDF<\/span><\/span><\/a><\/p>\t\t\t\t\t\t\t\t<\/div>\n\t\t\t\t<\/div>\n\t\t\t\t<\/div>\n\t\t\t\t<\/div>\n\t\t\t\t\t<\/div>\n\t\t<\/div>\n\t\t\t\t<div class=\"elementor-column elementor-col-50 elementor-top-column elementor-element elementor-element-5a09769\" data-id=\"5a09769\" data-element_type=\"column\">\n\t\t\t<div class=\"elementor-widget-wrap elementor-element-populated\">\n\t\t\t\t\t\t<div class=\"elementor-element elementor-element-41f1661 elementor-widget elementor-widget-image\" data-id=\"41f1661\" data-element_type=\"widget\" data-widget_type=\"image.default\">\n\t\t\t\t<div class=\"elementor-widget-container\">\n\t\t\t\t\t\t\t\t\t\t\t\t\t\t\t<img fetchpriority=\"high\" decoding=\"async\" width=\"1536\" height=\"670\" src=\"https:\/\/ktl-lu.de\/wp-content\/uploads\/2024\/08\/KTL-Oeffnungszeiten_en.jpg\" class=\"attachment-1536x1536 size-1536x1536 wp-image-4525\" alt=\"KTL Business Ours\" srcset=\"https:\/\/ktl-lu.de\/wp-content\/uploads\/2024\/08\/KTL-Oeffnungszeiten_en.jpg 1536w, https:\/\/ktl-lu.de\/wp-content\/uploads\/2024\/08\/KTL-Oeffnungszeiten_en-300x131.jpg 300w, https:\/\/ktl-lu.de\/wp-content\/uploads\/2024\/08\/KTL-Oeffnungszeiten_en-1024x447.jpg 1024w, https:\/\/ktl-lu.de\/wp-content\/uploads\/2024\/08\/KTL-Oeffnungszeiten_en-768x335.jpg 768w, https:\/\/ktl-lu.de\/wp-content\/uploads\/2024\/08\/KTL-Oeffnungszeiten_en-18x8.jpg 18w\" sizes=\"(max-width: 1536px) 100vw, 1536px\" \/>\t\t\t\t\t\t\t\t\t\t\t\t\t\t\t<\/div>\n\t\t\t\t<\/div>\n\t\t\t\t\t<\/div>\n\t\t<\/div>\n\t\t\t\t\t<\/div>\n\t\t<\/section>\n\t\t\t\t<\/div>","protected":false},"excerpt":{"rendered":"<p>\u00d6ffnungszeiten BUSINESS HOURS REGUL\u00c4RE \u00d6FFNUNGSZEITEN 2026 Mo 05:00 \u2013 24:00 Uhr Di \u2013 Fr 00:00 \u2013 24:00 Uhr Sa 00:00 \u2013 13:00 Uhr So geschlossen \u00d6ffnungszeiten als PDF Regular business hours 2026 Mon 05.00 \u2013 24.00 h Tue \u2013 Fri 00.00 \u2013 24.00 h Sat 00.00 \u2013 13.00 h Sun closed Business Hours as PDF<\/p>","protected":false},"author":1,"featured_media":0,"parent":96,"menu_order":0,"comment_status":"closed","ping_status":"closed","template":"","meta":{"footnotes":""},"class_list":["post-1435","page","type-page","status-publish","hentry"],"_links":{"self":[{"href":"https:\/\/ktl-lu.de\/en\/wp-json\/wp\/v2\/pages\/1435","targetHints":{"allow":["GET"]}}],"collection":[{"href":"https:\/\/ktl-lu.de\/en\/wp-json\/wp\/v2\/pages"}],"about":[{"href":"https:\/\/ktl-lu.de\/en\/wp-json\/wp\/v2\/types\/page"}],"author":[{"embeddable":true,"href":"https:\/\/ktl-lu.de\/en\/wp-json\/wp\/v2\/users\/1"}],"replies":[{"embeddable":true,"href":"https:\/\/ktl-lu.de\/en\/wp-json\/wp\/v2\/comments?post=1435"}],"version-history":[{"count":3,"href":"https:\/\/ktl-lu.de\/en\/wp-json\/wp\/v2\/pages\/1435\/revisions"}],"predecessor-version":[{"id":5085,"href":"https:\/\/ktl-lu.de\/en\/wp-json\/wp\/v2\/pages\/1435\/revisions\/5085"}],"up":[{"embeddable":true,"href":"https:\/\/ktl-lu.de\/en\/wp-json\/wp\/v2\/pages\/96"}],"wp:attachment":[{"href":"https:\/\/ktl-lu.de\/en\/wp-json\/wp\/v2\/media?parent=1435"}],"curies":[{"name":"wp","href":"https:\/\/api.w.org\/{rel}","templated":true}]}}