{"id":1384,"date":"2023-01-23T16:14:51","date_gmt":"2023-01-23T15:14:51","guid":{"rendered":"http:\/\/wordpress.ktl-lu.de\/?page_id=1384"},"modified":"2025-09-05T09:29:58","modified_gmt":"2025-09-05T07:29:58","slug":"safety","status":"publish","type":"page","link":"https:\/\/ktl-lu.de\/en\/information\/safety\/","title":{"rendered":"Sicherheit"},"content":{"rendered":"<div data-elementor-type=\"wp-page\" data-elementor-id=\"1384\" class=\"elementor elementor-1384\" data-elementor-post-type=\"page\">\n\t\t\t\t\t\t<section class=\"elementor-section elementor-top-section elementor-element elementor-element-677608f elementor-section-boxed elementor-section-height-default elementor-section-height-default\" data-id=\"677608f\" data-element_type=\"section\" data-no-translation=\"\">\n\t\t\t\t\t\t<div class=\"elementor-container elementor-column-gap-default\">\n\t\t\t\t\t<div class=\"elementor-column elementor-col-100 elementor-top-column elementor-element elementor-element-8439f49\" data-id=\"8439f49\" data-element_type=\"column\">\n\t\t\t<div class=\"elementor-widget-wrap elementor-element-populated\">\n\t\t\t\t\t\t<div class=\"elementor-element elementor-element-969a808 elementor-widget elementor-widget-heading\" data-id=\"969a808\" data-element_type=\"widget\" data-widget_type=\"heading.default\">\n\t\t\t\t<div class=\"elementor-widget-container\">\n\t\t\t\t\t<h1 class=\"elementor-heading-title elementor-size-default\">SAFETY, HEALTH, ENVIRONMENT AND QUALITY<\/h1>\t\t\t\t<\/div>\n\t\t\t\t<\/div>\n\t\t\t\t\t<\/div>\n\t\t<\/div>\n\t\t\t\t\t<\/div>\n\t\t<\/section>\n\t\t\t\t<section class=\"elementor-section elementor-top-section elementor-element elementor-element-a670cdc elementor-section-boxed elementor-section-height-default elementor-section-height-default\" data-id=\"a670cdc\" data-element_type=\"section\" data-no-translation=\"\">\n\t\t\t\t\t\t<div class=\"elementor-container elementor-column-gap-default\">\n\t\t\t\t\t<div class=\"elementor-column elementor-col-66 elementor-top-column elementor-element elementor-element-6850f94\" data-id=\"6850f94\" data-element_type=\"column\">\n\t\t\t<div class=\"elementor-widget-wrap elementor-element-populated\">\n\t\t\t\t\t\t<div class=\"elementor-element elementor-element-a82f62c elementor-widget elementor-widget-text-editor\" data-id=\"a82f62c\" data-element_type=\"widget\" data-aos=\"fade-up\" data-widget_type=\"text-editor.default\">\n\t\t\t\t<div class=\"elementor-widget-container\">\n\t\t\t\t\t\t\t\t\t<p>The safety, protection and maintenance of the health and life of all employees and the population, ensuring environmental protection and the tested quality of all our services are top priorities at KTL!<\/p>\t\t\t\t\t\t\t\t<\/div>\n\t\t\t\t<\/div>\n\t\t\t\t<div class=\"elementor-element elementor-element-db7aeeb elementor-widget elementor-widget-text-editor\" data-id=\"db7aeeb\" data-element_type=\"widget\" data-aos=\"fade-up\" data-widget_type=\"text-editor.default\">\n\t\t\t\t<div class=\"elementor-widget-container\">\n\t\t\t\t\t\t\t\t\t<p>We document this with the active development, introduction, maintenance and participation in the following programs, certifications &amp; involvements:<\/p>\t\t\t\t\t\t\t\t<\/div>\n\t\t\t\t<\/div>\n\t\t\t\t<div class=\"elementor-element elementor-element-99c2956 elementor-widget elementor-widget-spacer\" data-id=\"99c2956\" data-element_type=\"widget\" data-widget_type=\"spacer.default\">\n\t\t\t\t<div class=\"elementor-widget-container\">\n\t\t\t\t\t\t\t<div class=\"elementor-spacer\">\n\t\t\t<div class=\"elementor-spacer-inner\"><\/div>\n\t\t<\/div>\n\t\t\t\t\t\t<\/div>\n\t\t\t\t<\/div>\n\t\t\t\t<section class=\"elementor-section elementor-inner-section elementor-element elementor-element-177b331 elementor-section-boxed elementor-section-height-default elementor-section-height-default\" data-id=\"177b331\" data-element_type=\"section\">\n\t\t\t\t\t\t<div class=\"elementor-container elementor-column-gap-default\">\n\t\t\t\t\t<div class=\"elementor-column elementor-col-50 elementor-inner-column elementor-element elementor-element-2d76ab4\" data-id=\"2d76ab4\" data-element_type=\"column\">\n\t\t\t<div class=\"elementor-widget-wrap elementor-element-populated\">\n\t\t\t\t\t\t<div class=\"elementor-element elementor-element-66fb469 elementor-widget elementor-widget-image\" data-id=\"66fb469\" data-element_type=\"widget\" data-widget_type=\"image.default\">\n\t\t\t\t<div class=\"elementor-widget-container\">\n\t\t\t\t\t\t\t\t\t\t\t\t\t\t\t<img fetchpriority=\"high\" decoding=\"async\" width=\"300\" height=\"199\" src=\"https:\/\/ktl-lu.de\/wp-content\/uploads\/2023\/01\/sqas.png\" class=\"attachment-medium size-medium wp-image-1394\" alt=\"Logo SQAS\" srcset=\"https:\/\/ktl-lu.de\/wp-content\/uploads\/2023\/01\/sqas.png 300w, https:\/\/ktl-lu.de\/wp-content\/uploads\/2023\/01\/sqas-18x12.png 18w\" sizes=\"(max-width: 300px) 100vw, 300px\" \/>\t\t\t\t\t\t\t\t\t\t\t\t\t\t\t<\/div>\n\t\t\t\t<\/div>\n\t\t\t\t\t<\/div>\n\t\t<\/div>\n\t\t\t\t<div class=\"elementor-column elementor-col-50 elementor-inner-column elementor-element elementor-element-674eee9\" data-id=\"674eee9\" data-element_type=\"column\">\n\t\t\t<div class=\"elementor-widget-wrap elementor-element-populated\">\n\t\t\t\t\t\t<div class=\"elementor-element elementor-element-88f023f elementor-widget elementor-widget-text-editor\" data-id=\"88f023f\" data-element_type=\"widget\" data-widget_type=\"text-editor.default\">\n\t\t\t\t<div class=\"elementor-widget-container\">\n\t\t\t\t\t\t\t\t\t<p><strong>SQAS<\/strong> &#8211; Safety and Quality Assessment System<\/p>\t\t\t\t\t\t\t\t<\/div>\n\t\t\t\t<\/div>\n\t\t\t\t\t<\/div>\n\t\t<\/div>\n\t\t\t\t\t<\/div>\n\t\t<\/section>\n\t\t\t\t<section class=\"elementor-section elementor-inner-section elementor-element elementor-element-6a85ccf elementor-section-boxed elementor-section-height-default elementor-section-height-default\" data-id=\"6a85ccf\" data-element_type=\"section\">\n\t\t\t\t\t\t<div class=\"elementor-container elementor-column-gap-default\">\n\t\t\t\t\t<div class=\"elementor-column elementor-col-50 elementor-inner-column elementor-element elementor-element-e5e74dd\" data-id=\"e5e74dd\" data-element_type=\"column\">\n\t\t\t<div class=\"elementor-widget-wrap\">\n\t\t\t\t\t\t\t<\/div>\n\t\t<\/div>\n\t\t\t\t<div class=\"elementor-column elementor-col-50 elementor-inner-column elementor-element elementor-element-f7d6699\" data-id=\"f7d6699\" data-element_type=\"column\">\n\t\t\t<div class=\"elementor-widget-wrap elementor-element-populated\">\n\t\t\t\t\t\t<div class=\"elementor-element elementor-element-0898cd3 elementor-widget elementor-widget-text-editor\" data-id=\"0898cd3\" data-element_type=\"widget\" data-widget_type=\"text-editor.default\">\n\t\t\t\t<div class=\"elementor-widget-container\">\n\t\t\t\t\t\t\t\t\t<p><strong>BBS <\/strong>&#8211; Behaviour Based Safety<br \/>\u2013 preventive safety behavior in accordance with CEFIG\/ECTA guidelines<\/p>\t\t\t\t\t\t\t\t<\/div>\n\t\t\t\t<\/div>\n\t\t\t\t\t<\/div>\n\t\t<\/div>\n\t\t\t\t\t<\/div>\n\t\t<\/section>\n\t\t\t\t<section class=\"elementor-section elementor-inner-section elementor-element elementor-element-5aebcd9 elementor-section-boxed elementor-section-height-default elementor-section-height-default\" data-id=\"5aebcd9\" data-element_type=\"section\">\n\t\t\t\t\t\t<div class=\"elementor-container elementor-column-gap-default\">\n\t\t\t\t\t<div class=\"elementor-column elementor-col-50 elementor-inner-column elementor-element elementor-element-eba07c5\" data-id=\"eba07c5\" data-element_type=\"column\">\n\t\t\t<div class=\"elementor-widget-wrap elementor-element-populated\">\n\t\t\t\t\t\t<div class=\"elementor-element elementor-element-595b300 elementor-widget elementor-widget-image\" data-id=\"595b300\" data-element_type=\"widget\" data-widget_type=\"image.default\">\n\t\t\t\t<div class=\"elementor-widget-container\">\n\t\t\t\t\t\t\t\t\t\t\t\t\t\t\t<img decoding=\"async\" width=\"300\" height=\"231\" src=\"https:\/\/ktl-lu.de\/wp-content\/uploads\/2023\/01\/responsible-care.png\" class=\"attachment-medium size-medium wp-image-1393\" alt=\"Logo Responsible Care\" srcset=\"https:\/\/ktl-lu.de\/wp-content\/uploads\/2023\/01\/responsible-care.png 300w, https:\/\/ktl-lu.de\/wp-content\/uploads\/2023\/01\/responsible-care-16x12.png 16w\" sizes=\"(max-width: 300px) 100vw, 300px\" \/>\t\t\t\t\t\t\t\t\t\t\t\t\t\t\t<\/div>\n\t\t\t\t<\/div>\n\t\t\t\t\t<\/div>\n\t\t<\/div>\n\t\t\t\t<div class=\"elementor-column elementor-col-50 elementor-inner-column elementor-element elementor-element-d683450\" data-id=\"d683450\" data-element_type=\"column\">\n\t\t\t<div class=\"elementor-widget-wrap elementor-element-populated\">\n\t\t\t\t\t\t<div class=\"elementor-element elementor-element-80d4844 elementor-widget elementor-widget-text-editor\" data-id=\"80d4844\" data-element_type=\"widget\" data-widget_type=\"text-editor.default\">\n\t\t\t\t<div class=\"elementor-widget-container\">\n\t\t\t\t\t\t\t\t\t<p>Participation in <strong>Responsible Care<\/strong> audits by BASF SE<\/p>\t\t\t\t\t\t\t\t<\/div>\n\t\t\t\t<\/div>\n\t\t\t\t\t<\/div>\n\t\t<\/div>\n\t\t\t\t\t<\/div>\n\t\t<\/section>\n\t\t\t\t<section class=\"elementor-section elementor-inner-section elementor-element elementor-element-25ade36 elementor-section-boxed elementor-section-height-default elementor-section-height-default\" data-id=\"25ade36\" data-element_type=\"section\">\n\t\t\t\t\t\t<div class=\"elementor-container elementor-column-gap-default\">\n\t\t\t\t\t<div class=\"elementor-column elementor-col-50 elementor-inner-column elementor-element elementor-element-0447908\" data-id=\"0447908\" data-element_type=\"column\">\n\t\t\t<div class=\"elementor-widget-wrap elementor-element-populated\">\n\t\t\t\t\t\t<div class=\"elementor-element elementor-element-114e7d0 elementor-widget elementor-widget-image\" data-id=\"114e7d0\" data-element_type=\"widget\" data-widget_type=\"image.default\">\n\t\t\t\t<div class=\"elementor-widget-container\">\n\t\t\t\t\t\t\t\t\t\t\t\t\t\t\t<img decoding=\"async\" width=\"300\" height=\"174\" src=\"https:\/\/ktl-lu.de\/wp-content\/uploads\/2023\/01\/isopa.png\" class=\"attachment-medium size-medium wp-image-1392\" alt=\"Logo Isopa\" srcset=\"https:\/\/ktl-lu.de\/wp-content\/uploads\/2023\/01\/isopa.png 300w, https:\/\/ktl-lu.de\/wp-content\/uploads\/2023\/01\/isopa-18x10.png 18w\" sizes=\"(max-width: 300px) 100vw, 300px\" \/>\t\t\t\t\t\t\t\t\t\t\t\t\t\t\t<\/div>\n\t\t\t\t<\/div>\n\t\t\t\t\t<\/div>\n\t\t<\/div>\n\t\t\t\t<div class=\"elementor-column elementor-col-50 elementor-inner-column elementor-element elementor-element-cd18d8e\" data-id=\"cd18d8e\" data-element_type=\"column\">\n\t\t\t<div class=\"elementor-widget-wrap elementor-element-populated\">\n\t\t\t\t\t\t<div class=\"elementor-element elementor-element-24c9953 elementor-widget elementor-widget-text-editor\" data-id=\"24c9953\" data-element_type=\"widget\" data-widget_type=\"text-editor.default\">\n\t\t\t\t<div class=\"elementor-widget-container\">\n\t\t\t\t\t\t\t\t\t<p><strong>ISOPA<\/strong> \u2013 <span lang=\"EN-US\" style=\"mso-ansi-language: EN-US;\">driver training for the safe transport of isocyanates<\/span><\/p>\t\t\t\t\t\t\t\t<\/div>\n\t\t\t\t<\/div>\n\t\t\t\t\t<\/div>\n\t\t<\/div>\n\t\t\t\t\t<\/div>\n\t\t<\/section>\n\t\t\t\t<section class=\"elementor-section elementor-inner-section elementor-element elementor-element-730188a elementor-section-boxed elementor-section-height-default elementor-section-height-default\" data-id=\"730188a\" data-element_type=\"section\">\n\t\t\t\t\t\t<div class=\"elementor-container elementor-column-gap-default\">\n\t\t\t\t\t<div class=\"elementor-column elementor-col-50 elementor-inner-column elementor-element elementor-element-b0ee7f4\" data-id=\"b0ee7f4\" data-element_type=\"column\">\n\t\t\t<div class=\"elementor-widget-wrap elementor-element-populated\">\n\t\t\t\t\t\t<div class=\"elementor-element elementor-element-cc893ac elementor-widget elementor-widget-image\" data-id=\"cc893ac\" data-element_type=\"widget\" data-widget_type=\"image.default\">\n\t\t\t\t<div class=\"elementor-widget-container\">\n\t\t\t\t\t\t\t\t\t\t\t\t\t\t\t<img loading=\"lazy\" decoding=\"async\" width=\"300\" height=\"48\" src=\"https:\/\/ktl-lu.de\/wp-content\/uploads\/2024\/06\/OCS-300x48.png\" class=\"attachment-medium size-medium wp-image-4460\" alt=\"\" srcset=\"https:\/\/ktl-lu.de\/wp-content\/uploads\/2024\/06\/OCS-300x48.png 300w, https:\/\/ktl-lu.de\/wp-content\/uploads\/2024\/06\/OCS-18x3.png 18w, https:\/\/ktl-lu.de\/wp-content\/uploads\/2024\/06\/OCS.png 340w\" sizes=\"(max-width: 300px) 100vw, 300px\" \/>\t\t\t\t\t\t\t\t\t\t\t\t\t\t\t<\/div>\n\t\t\t\t<\/div>\n\t\t\t\t\t<\/div>\n\t\t<\/div>\n\t\t\t\t<div class=\"elementor-column elementor-col-50 elementor-inner-column elementor-element elementor-element-bb6198d\" data-id=\"bb6198d\" data-element_type=\"column\">\n\t\t\t<div class=\"elementor-widget-wrap elementor-element-populated\">\n\t\t\t\t\t\t<div class=\"elementor-element elementor-element-8868a06 elementor-widget elementor-widget-text-editor\" data-id=\"8868a06\" data-element_type=\"widget\" data-widget_type=\"text-editor.default\">\n\t\t\t\t<div class=\"elementor-widget-container\">\n\t\t\t\t\t\t\t\t\t<p><strong>Operation Clean Sweep<\/strong> \u2013 <span lang=\"EN-US\" style=\"mso-ansi-language: EN-US;\">Avoiding plastic in our environment<\/span><\/p>\t\t\t\t\t\t\t\t<\/div>\n\t\t\t\t<\/div>\n\t\t\t\t\t<\/div>\n\t\t<\/div>\n\t\t\t\t\t<\/div>\n\t\t<\/section>\n\t\t\t\t<div class=\"elementor-element elementor-element-e0378d3 elementor-widget elementor-widget-spacer\" data-id=\"e0378d3\" data-element_type=\"widget\" data-widget_type=\"spacer.default\">\n\t\t\t\t<div class=\"elementor-widget-container\">\n\t\t\t\t\t\t\t<div class=\"elementor-spacer\">\n\t\t\t<div class=\"elementor-spacer-inner\"><\/div>\n\t\t<\/div>\n\t\t\t\t\t\t<\/div>\n\t\t\t\t<\/div>\n\t\t\t\t<div class=\"elementor-element elementor-element-dcebb7a elementor-widget elementor-widget-text-editor\" data-id=\"dcebb7a\" data-element_type=\"widget\" data-widget_type=\"text-editor.default\">\n\t\t\t\t<div class=\"elementor-widget-container\">\n\t\t\t\t\t\t\t\t\t<p><strong>Supervisory authority:<\/strong><\/p>\n<p>Struktur- and Genehmigungsbeh\u00f6rde SGD S\u00fcd (Date of the last inspection according to the Hazardous Incidents Ordinance: 08\/14\/2025)<\/p>\t\t\t\t\t\t\t\t<\/div>\n\t\t\t\t<\/div>\n\t\t\t\t\t<\/div>\n\t\t<\/div>\n\t\t\t\t<div class=\"elementor-column elementor-col-33 elementor-top-column elementor-element elementor-element-656afbb\" data-id=\"656afbb\" data-element_type=\"column\">\n\t\t\t<div class=\"elementor-widget-wrap elementor-element-populated\">\n\t\t\t\t\t\t<div class=\"elementor-element elementor-element-949030f elementor-widget elementor-widget-global elementor-global-3184 elementor-widget-heading\" data-id=\"949030f\" data-element_type=\"widget\" data-no-translation=\"\" data-widget_type=\"heading.default\">\n\t\t\t\t<div class=\"elementor-widget-container\">\n\t\t\t\t\t<h3 class=\"elementor-heading-title elementor-size-default\">CONTACT<\/h3>\t\t\t\t<\/div>\n\t\t\t\t<\/div>\n\t\t\t\t<section class=\"elementor-section elementor-inner-section elementor-element elementor-element-58ae56c elementor-section-boxed elementor-section-height-default elementor-section-height-default\" data-id=\"58ae56c\" data-element_type=\"section\">\n\t\t\t\t\t\t<div class=\"elementor-container elementor-column-gap-default\">\n\t\t\t\t\t<div class=\"elementor-column elementor-col-100 elementor-inner-column elementor-element elementor-element-0aee8c1\" data-id=\"0aee8c1\" data-element_type=\"column\">\n\t\t\t<div class=\"elementor-widget-wrap elementor-element-populated\">\n\t\t\t\t\t\t<div class=\"elementor-element elementor-element-57e6013 elementor-widget elementor-widget-image\" data-id=\"57e6013\" data-element_type=\"widget\" data-aos=\"fade-up\" data-widget_type=\"image.default\">\n\t\t\t\t<div class=\"elementor-widget-container\">\n\t\t\t\t\t\t\t\t\t\t\t\t\t\t\t<img loading=\"lazy\" decoding=\"async\" width=\"300\" height=\"300\" src=\"https:\/\/ktl-lu.de\/wp-content\/uploads\/2022\/12\/A.Bloehs-300x300.png\" class=\"attachment-medium size-medium wp-image-408\" alt=\"\" srcset=\"https:\/\/ktl-lu.de\/wp-content\/uploads\/2022\/12\/A.Bloehs-300x300.png 300w, https:\/\/ktl-lu.de\/wp-content\/uploads\/2022\/12\/A.Bloehs-150x150.png 150w, https:\/\/ktl-lu.de\/wp-content\/uploads\/2022\/12\/A.Bloehs.png 496w\" sizes=\"(max-width: 300px) 100vw, 300px\" \/>\t\t\t\t\t\t\t\t\t\t\t\t\t\t\t<\/div>\n\t\t\t\t<\/div>\n\t\t\t\t<div class=\"elementor-element elementor-element-62c8cbe elementor-widget elementor-widget-text-editor\" data-id=\"62c8cbe\" data-element_type=\"widget\" data-aos=\"fade-up\" data-widget_type=\"text-editor.default\">\n\t\t\t\t<div class=\"elementor-widget-container\">\n\t\t\t\t\t\t\t\t\t<p><strong>Axel Bl\u00f6hs<\/strong><\/p><p>Head of Safety,<\/p><p>Storage &amp; QM<\/p><p>\u00a0<\/p><p>T <a href=\"tel:+49 621 65913 20\">+49 621 65913-20<\/a><br \/><a href=\"mailto:axel.bloehs@ktl-lu.de\">axel.bloehs@ktl-lu.de<\/a><\/p>\t\t\t\t\t\t\t\t<\/div>\n\t\t\t\t<\/div>\n\t\t\t\t\t<\/div>\n\t\t<\/div>\n\t\t\t\t\t<\/div>\n\t\t<\/section>\n\t\t\t\t\t<\/div>\n\t\t<\/div>\n\t\t\t\t\t<\/div>\n\t\t<\/section>\n\t\t\t\t<\/div>","protected":false},"excerpt":{"rendered":"<p>SICHERHEIT, GESUNDHEIT, UMWELT &amp; QUALIT\u00c4T SAFETY, HEALTH, ENVIRONMENT AND QUALITY Die Sicherheit, der Schutz und die Erhaltung der Gesundheit und des Lebens aller Mitarbeiter und der Bev\u00f6lkerung, die Gew\u00e4hrleistung des Umweltschutzes und die gepr\u00fcfte Qualit\u00e4t all unserer Dienstleistungen stehen bei KTL an 1. Stelle! Das dokumentieren wir mit der aktiven Entwicklung, Einf\u00fchrung, Aufrechterhaltung und Teilnahme [&hellip;]<\/p>","protected":false},"author":1,"featured_media":0,"parent":96,"menu_order":0,"comment_status":"closed","ping_status":"closed","template":"","meta":{"footnotes":""},"class_list":["post-1384","page","type-page","status-publish","hentry"],"_links":{"self":[{"href":"https:\/\/ktl-lu.de\/en\/wp-json\/wp\/v2\/pages\/1384","targetHints":{"allow":["GET"]}}],"collection":[{"href":"https:\/\/ktl-lu.de\/en\/wp-json\/wp\/v2\/pages"}],"about":[{"href":"https:\/\/ktl-lu.de\/en\/wp-json\/wp\/v2\/types\/page"}],"author":[{"embeddable":true,"href":"https:\/\/ktl-lu.de\/en\/wp-json\/wp\/v2\/users\/1"}],"replies":[{"embeddable":true,"href":"https:\/\/ktl-lu.de\/en\/wp-json\/wp\/v2\/comments?post=1384"}],"version-history":[{"count":0,"href":"https:\/\/ktl-lu.de\/en\/wp-json\/wp\/v2\/pages\/1384\/revisions"}],"up":[{"embeddable":true,"href":"https:\/\/ktl-lu.de\/en\/wp-json\/wp\/v2\/pages\/96"}],"wp:attachment":[{"href":"https:\/\/ktl-lu.de\/en\/wp-json\/wp\/v2\/media?parent=1384"}],"curies":[{"name":"wp","href":"https:\/\/api.w.org\/{rel}","templated":true}]}}